{"id":3272,"date":"2024-05-26T15:18:42","date_gmt":"2024-05-26T18:18:42","guid":{"rendered":"https:\/\/camisetasebrindesexpress.com.br\/?post_type=product&#038;p=3272"},"modified":"2024-05-26T15:18:42","modified_gmt":"2024-05-26T18:18:42","slug":"99142-stuart-guarda-chuva-em-190t-pongee-com-abertura-automatica","status":"publish","type":"product","link":"https:\/\/camisetasebrindesexpress.com.br\/index.php\/produto\/99142-stuart-guarda-chuva-em-190t-pongee-com-abertura-automatica\/","title":{"rendered":"99142 STUART. Guarda-chuva em 190T pongee com abertura autom\u00e1tica"},"content":{"rendered":"<p>Guarda-chuva em 190T pongee com abertura autom\u00e1tica. Varetas e haste em fibra de vidro e pega em EVA. \u00f81040 x 830 mm<\/p>\n","protected":false},"excerpt":{"rendered":"<p>Guarda-chuva em 190T pongee com abertura autom\u00e1tica. Varetas e haste em fibra de vidro e pega em EVA. \u00f81040 x 830 mm<\/p>\n","protected":false},"featured_media":3280,"comment_status":"open","ping_status":"closed","template":"","meta":{"_joinchat":[]},"product_cat":[31],"product_tag":[],"_links":{"self":[{"href":"https:\/\/camisetasebrindesexpress.com.br\/index.php\/wp-json\/wp\/v2\/product\/3272"}],"collection":[{"href":"https:\/\/camisetasebrindesexpress.com.br\/index.php\/wp-json\/wp\/v2\/product"}],"about":[{"href":"https:\/\/camisetasebrindesexpress.com.br\/index.php\/wp-json\/wp\/v2\/types\/product"}],"replies":[{"embeddable":true,"href":"https:\/\/camisetasebrindesexpress.com.br\/index.php\/wp-json\/wp\/v2\/comments?post=3272"}],"wp:featuredmedia":[{"embeddable":true,"href":"https:\/\/camisetasebrindesexpress.com.br\/index.php\/wp-json\/wp\/v2\/media\/3280"}],"wp:attachment":[{"href":"https:\/\/camisetasebrindesexpress.com.br\/index.php\/wp-json\/wp\/v2\/media?parent=3272"}],"wp:term":[{"taxonomy":"product_cat","embeddable":true,"href":"https:\/\/camisetasebrindesexpress.com.br\/index.php\/wp-json\/wp\/v2\/product_cat?post=3272"},{"taxonomy":"product_tag","embeddable":true,"href":"https:\/\/camisetasebrindesexpress.com.br\/index.php\/wp-json\/wp\/v2\/product_tag?post=3272"}],"curies":[{"name":"wp","href":"https:\/\/api.w.org\/{rel}","templated":true}]}}