{"id":3268,"date":"2024-05-26T15:14:33","date_gmt":"2024-05-26T18:14:33","guid":{"rendered":"https:\/\/camisetasebrindesexpress.com.br\/?post_type=product&#038;p=3268"},"modified":"2024-05-26T15:14:33","modified_gmt":"2024-05-26T18:14:33","slug":"99137-jenna-guarda-chuva-em-poliester-190t-com-abertura-automatica","status":"publish","type":"product","link":"https:\/\/camisetasebrindesexpress.com.br\/index.php\/produto\/99137-jenna-guarda-chuva-em-poliester-190t-com-abertura-automatica\/","title":{"rendered":"99137 JENNA. Guarda-chuva em poli\u00e9ster 190T com abertura autom\u00e1tica"},"content":{"rendered":"<div class=\"texto\">Guarda-chuva em poli\u00e9ster 190T com pega em EVA e abertura autom\u00e1tica. Detalhe com linha colorida no guarda-chuva e na pega. \u00f81040 x 825 mm<\/div>\n<div class=\"icons\">\n<div class=\"icon\"><img decoding=\"async\" src=\"https:\/\/www.spotgifts.com.br\/fotos\/pictogramas\/umbrella_automatic_7374833146466232d7f63f.png\" alt=\"SPOT\" \/><\/div>\n<\/div>\n","protected":false},"excerpt":{"rendered":"<p>Guarda-chuva em poli\u00e9ster 190T com pega em EVA e abertura autom\u00e1tica. Detalhe com linha colorida no guarda-chuva e na pega. \u00f81040 x 825 mm<\/p>\n","protected":false},"featured_media":3270,"comment_status":"open","ping_status":"closed","template":"","meta":{"_joinchat":[]},"product_cat":[31],"product_tag":[],"_links":{"self":[{"href":"https:\/\/camisetasebrindesexpress.com.br\/index.php\/wp-json\/wp\/v2\/product\/3268"}],"collection":[{"href":"https:\/\/camisetasebrindesexpress.com.br\/index.php\/wp-json\/wp\/v2\/product"}],"about":[{"href":"https:\/\/camisetasebrindesexpress.com.br\/index.php\/wp-json\/wp\/v2\/types\/product"}],"replies":[{"embeddable":true,"href":"https:\/\/camisetasebrindesexpress.com.br\/index.php\/wp-json\/wp\/v2\/comments?post=3268"}],"wp:featuredmedia":[{"embeddable":true,"href":"https:\/\/camisetasebrindesexpress.com.br\/index.php\/wp-json\/wp\/v2\/media\/3270"}],"wp:attachment":[{"href":"https:\/\/camisetasebrindesexpress.com.br\/index.php\/wp-json\/wp\/v2\/media?parent=3268"}],"wp:term":[{"taxonomy":"product_cat","embeddable":true,"href":"https:\/\/camisetasebrindesexpress.com.br\/index.php\/wp-json\/wp\/v2\/product_cat?post=3268"},{"taxonomy":"product_tag","embeddable":true,"href":"https:\/\/camisetasebrindesexpress.com.br\/index.php\/wp-json\/wp\/v2\/product_tag?post=3268"}],"curies":[{"name":"wp","href":"https:\/\/api.w.org\/{rel}","templated":true}]}}