{"id":3243,"date":"2024-05-23T09:47:10","date_gmt":"2024-05-23T12:47:10","guid":{"rendered":"https:\/\/camisetasebrindesexpress.com.br\/?post_type=product&#038;p=3243"},"modified":"2024-05-23T09:47:10","modified_gmt":"2024-05-23T12:47:10","slug":"99153-silvan-stripe-guarda-chuva-em-190t-pongee-com-abertura-automatica","status":"publish","type":"product","link":"https:\/\/camisetasebrindesexpress.com.br\/index.php\/produto\/99153-silvan-stripe-guarda-chuva-em-190t-pongee-com-abertura-automatica\/","title":{"rendered":"99153 SILVAN STRIPE. Guarda-chuva em 190T pongee com abertura autom\u00e1tica"},"content":{"rendered":"<p>Guarda-chuva em 190T pongee com varetas em fibra de vidro e pega em c. sint\u00e9tico. Guarda-chuva \u00e0 prova de vento com abertura autom\u00e1tica. \u00f81175 x 925 mm<\/p>\n","protected":false},"excerpt":{"rendered":"<p>Guarda-chuva em 190T pongee com varetas em fibra de vidro e pega em c. sint\u00e9tico. Guarda-chuva \u00e0 prova de vento com abertura autom\u00e1tica. \u00f81175 x 925 mm<\/p>\n","protected":false},"featured_media":3250,"comment_status":"open","ping_status":"closed","template":"","meta":{"_joinchat":[]},"product_cat":[31],"product_tag":[],"_links":{"self":[{"href":"https:\/\/camisetasebrindesexpress.com.br\/index.php\/wp-json\/wp\/v2\/product\/3243"}],"collection":[{"href":"https:\/\/camisetasebrindesexpress.com.br\/index.php\/wp-json\/wp\/v2\/product"}],"about":[{"href":"https:\/\/camisetasebrindesexpress.com.br\/index.php\/wp-json\/wp\/v2\/types\/product"}],"replies":[{"embeddable":true,"href":"https:\/\/camisetasebrindesexpress.com.br\/index.php\/wp-json\/wp\/v2\/comments?post=3243"}],"wp:featuredmedia":[{"embeddable":true,"href":"https:\/\/camisetasebrindesexpress.com.br\/index.php\/wp-json\/wp\/v2\/media\/3250"}],"wp:attachment":[{"href":"https:\/\/camisetasebrindesexpress.com.br\/index.php\/wp-json\/wp\/v2\/media?parent=3243"}],"wp:term":[{"taxonomy":"product_cat","embeddable":true,"href":"https:\/\/camisetasebrindesexpress.com.br\/index.php\/wp-json\/wp\/v2\/product_cat?post=3243"},{"taxonomy":"product_tag","embeddable":true,"href":"https:\/\/camisetasebrindesexpress.com.br\/index.php\/wp-json\/wp\/v2\/product_tag?post=3243"}],"curies":[{"name":"wp","href":"https:\/\/api.w.org\/{rel}","templated":true}]}}