{"id":3220,"date":"2024-05-22T23:53:32","date_gmt":"2024-05-23T02:53:32","guid":{"rendered":"https:\/\/camisetasebrindesexpress.com.br\/?post_type=product&#038;p=3220"},"modified":"2024-05-22T23:53:32","modified_gmt":"2024-05-23T02:53:32","slug":"99155-sessil-guarda-chuva-em-190t-pongee-com-abertura-automatica","status":"publish","type":"product","link":"https:\/\/camisetasebrindesexpress.com.br\/index.php\/produto\/99155-sessil-guarda-chuva-em-190t-pongee-com-abertura-automatica\/","title":{"rendered":"99155 SESSIL. Guarda-chuva em 190T pongee com abertura autom\u00e1tica"},"content":{"rendered":"<p>Guarda-chuva em 190T pongee, varetas em fibra de vidro, cabo em alum\u00ednio e haste revestida em borracha. Guarda-chuva \u00e0 prova de vento com abertura autom\u00e1tica. Fornecido em bolsa com al\u00e7a curta para facilitar transporte. Guarda-chuva: \u00f81025 x 855 mm | Bolsa: 90 x 635 mm<\/p>\n","protected":false},"excerpt":{"rendered":"<p>Guarda-chuva em 190T pongee, varetas em fibra de vidro, cabo em alum\u00ednio e haste revestida em borracha. Guarda-chuva \u00e0 prova de vento com abertura autom\u00e1tica. Fornecido em bolsa com al\u00e7a curta para facilitar transporte. Guarda-chuva: \u00f81025 x 855 mm | Bolsa: 90 x 635 mm<\/p>\n","protected":false},"featured_media":3225,"comment_status":"open","ping_status":"closed","template":"","meta":{"_joinchat":[]},"product_cat":[31],"product_tag":[],"_links":{"self":[{"href":"https:\/\/camisetasebrindesexpress.com.br\/index.php\/wp-json\/wp\/v2\/product\/3220"}],"collection":[{"href":"https:\/\/camisetasebrindesexpress.com.br\/index.php\/wp-json\/wp\/v2\/product"}],"about":[{"href":"https:\/\/camisetasebrindesexpress.com.br\/index.php\/wp-json\/wp\/v2\/types\/product"}],"replies":[{"embeddable":true,"href":"https:\/\/camisetasebrindesexpress.com.br\/index.php\/wp-json\/wp\/v2\/comments?post=3220"}],"wp:featuredmedia":[{"embeddable":true,"href":"https:\/\/camisetasebrindesexpress.com.br\/index.php\/wp-json\/wp\/v2\/media\/3225"}],"wp:attachment":[{"href":"https:\/\/camisetasebrindesexpress.com.br\/index.php\/wp-json\/wp\/v2\/media?parent=3220"}],"wp:term":[{"taxonomy":"product_cat","embeddable":true,"href":"https:\/\/camisetasebrindesexpress.com.br\/index.php\/wp-json\/wp\/v2\/product_cat?post=3220"},{"taxonomy":"product_tag","embeddable":true,"href":"https:\/\/camisetasebrindesexpress.com.br\/index.php\/wp-json\/wp\/v2\/product_tag?post=3220"}],"curies":[{"name":"wp","href":"https:\/\/api.w.org\/{rel}","templated":true}]}}