{"id":3210,"date":"2024-05-22T23:51:41","date_gmt":"2024-05-23T02:51:41","guid":{"rendered":"https:\/\/camisetasebrindesexpress.com.br\/?post_type=product&#038;p=3210"},"modified":"2024-05-22T23:51:41","modified_gmt":"2024-05-23T02:51:41","slug":"99147-stella-guarda-chuva-em-pongee-190t-dobravel-com-abertura-e-fecho-automatico","status":"publish","type":"product","link":"https:\/\/camisetasebrindesexpress.com.br\/index.php\/produto\/99147-stella-guarda-chuva-em-pongee-190t-dobravel-com-abertura-e-fecho-automatico\/","title":{"rendered":"99147 STELLA. Guarda-chuva em Pongee 190T dobr\u00e1vel com abertura e fecho autom\u00e1tico"},"content":{"rendered":"<p>Guarda-chuva em Pongee 190T dobr\u00e1vel em 3 sec\u00e7\u00f5es e com abertura e fecho autom\u00e1tico. Pega revestida a borracha. Guarda-chuva \u00e0 prova de vento. Fornecido em bolsa. \u00f8970 x 280 mm | Bolsa: \u00f850 x 250 mm<\/p>\n","protected":false},"excerpt":{"rendered":"<p>Guarda-chuva em Pongee 190T dobr\u00e1vel em 3 sec\u00e7\u00f5es e com abertura e fecho autom\u00e1tico. Pega revestida a borracha. Guarda-chuva \u00e0 prova de vento. Fornecido em bolsa. \u00f8970 x 280 mm | Bolsa: \u00f850 x 250 mm<\/p>\n","protected":false},"featured_media":3213,"comment_status":"open","ping_status":"closed","template":"","meta":{"_joinchat":[]},"product_cat":[31],"product_tag":[],"_links":{"self":[{"href":"https:\/\/camisetasebrindesexpress.com.br\/index.php\/wp-json\/wp\/v2\/product\/3210"}],"collection":[{"href":"https:\/\/camisetasebrindesexpress.com.br\/index.php\/wp-json\/wp\/v2\/product"}],"about":[{"href":"https:\/\/camisetasebrindesexpress.com.br\/index.php\/wp-json\/wp\/v2\/types\/product"}],"replies":[{"embeddable":true,"href":"https:\/\/camisetasebrindesexpress.com.br\/index.php\/wp-json\/wp\/v2\/comments?post=3210"}],"wp:featuredmedia":[{"embeddable":true,"href":"https:\/\/camisetasebrindesexpress.com.br\/index.php\/wp-json\/wp\/v2\/media\/3213"}],"wp:attachment":[{"href":"https:\/\/camisetasebrindesexpress.com.br\/index.php\/wp-json\/wp\/v2\/media?parent=3210"}],"wp:term":[{"taxonomy":"product_cat","embeddable":true,"href":"https:\/\/camisetasebrindesexpress.com.br\/index.php\/wp-json\/wp\/v2\/product_cat?post=3210"},{"taxonomy":"product_tag","embeddable":true,"href":"https:\/\/camisetasebrindesexpress.com.br\/index.php\/wp-json\/wp\/v2\/product_tag?post=3210"}],"curies":[{"name":"wp","href":"https:\/\/api.w.org\/{rel}","templated":true}]}}