{"id":3204,"date":"2024-05-22T23:50:19","date_gmt":"2024-05-23T02:50:19","guid":{"rendered":"https:\/\/camisetasebrindesexpress.com.br\/?post_type=product&#038;p=3204"},"modified":"2024-05-22T23:50:19","modified_gmt":"2024-05-23T02:50:19","slug":"99138-maria-guarda-chuva-em-poliester-190t-dobravel","status":"publish","type":"product","link":"https:\/\/camisetasebrindesexpress.com.br\/index.php\/produto\/99138-maria-guarda-chuva-em-poliester-190t-dobravel\/","title":{"rendered":"99138 MARIA. Guarda-chuva em poli\u00e9ster 190T dobr\u00e1vel"},"content":{"rendered":"<p>Guarda-chuva em poli\u00e9ster 190T dobr\u00e1vel em 3 se\u00e7\u00f5es e de abertura manual. Guarda-chuva pr\u00e1tico e leve. Fornecido em bolsa. \u00f8960 x 240 mm | Bolsa: \u00f840 x 215 mm<\/p>\n","protected":false},"excerpt":{"rendered":"<p>Guarda-chuva em poli\u00e9ster 190T dobr\u00e1vel em 3 se\u00e7\u00f5es e de abertura manual. Guarda-chuva pr\u00e1tico e leve. Fornecido em bolsa. \u00f8960 x 240 mm | Bolsa: \u00f840 x 215 mm<\/p>\n","protected":false},"featured_media":3209,"comment_status":"open","ping_status":"closed","template":"","meta":{"_joinchat":[]},"product_cat":[31],"product_tag":[],"_links":{"self":[{"href":"https:\/\/camisetasebrindesexpress.com.br\/index.php\/wp-json\/wp\/v2\/product\/3204"}],"collection":[{"href":"https:\/\/camisetasebrindesexpress.com.br\/index.php\/wp-json\/wp\/v2\/product"}],"about":[{"href":"https:\/\/camisetasebrindesexpress.com.br\/index.php\/wp-json\/wp\/v2\/types\/product"}],"replies":[{"embeddable":true,"href":"https:\/\/camisetasebrindesexpress.com.br\/index.php\/wp-json\/wp\/v2\/comments?post=3204"}],"wp:featuredmedia":[{"embeddable":true,"href":"https:\/\/camisetasebrindesexpress.com.br\/index.php\/wp-json\/wp\/v2\/media\/3209"}],"wp:attachment":[{"href":"https:\/\/camisetasebrindesexpress.com.br\/index.php\/wp-json\/wp\/v2\/media?parent=3204"}],"wp:term":[{"taxonomy":"product_cat","embeddable":true,"href":"https:\/\/camisetasebrindesexpress.com.br\/index.php\/wp-json\/wp\/v2\/product_cat?post=3204"},{"taxonomy":"product_tag","embeddable":true,"href":"https:\/\/camisetasebrindesexpress.com.br\/index.php\/wp-json\/wp\/v2\/product_tag?post=3204"}],"curies":[{"name":"wp","href":"https:\/\/api.w.org\/{rel}","templated":true}]}}