{"id":3193,"date":"2024-05-22T10:27:03","date_gmt":"2024-05-22T13:27:03","guid":{"rendered":"https:\/\/camisetasebrindesexpress.com.br\/?post_type=product&#038;p=3193"},"modified":"2024-05-22T10:27:03","modified_gmt":"2024-05-22T13:27:03","slug":"99151-campanela-guarda-chuva-dobravel-em-190t-pongee-com-abertura-automatica","status":"publish","type":"product","link":"https:\/\/camisetasebrindesexpress.com.br\/index.php\/produto\/99151-campanela-guarda-chuva-dobravel-em-190t-pongee-com-abertura-automatica\/","title":{"rendered":"99151 CAMPANELA. Guarda-chuva dobr\u00e1vel em 190T pongee com abertura autom\u00e1tica"},"content":{"rendered":"<p>Guarda-chuva dobr\u00e1vel em 190T pongee. Pega revestida em borracha e abertura autom\u00e1tica. Fornecido em bolsa. \u00f8980 x 320 mm | Bolsa: \u00f850 x 240 mm<\/p>\n","protected":false},"excerpt":{"rendered":"<p>Guarda-chuva dobr\u00e1vel em 190T pongee. Pega revestida em borracha e abertura autom\u00e1tica. Fornecido em bolsa. \u00f8980 x 320 mm | Bolsa: \u00f850 x 240 mm<\/p>\n","protected":false},"featured_media":3197,"comment_status":"open","ping_status":"closed","template":"","meta":{"_joinchat":[]},"product_cat":[31],"product_tag":[],"_links":{"self":[{"href":"https:\/\/camisetasebrindesexpress.com.br\/index.php\/wp-json\/wp\/v2\/product\/3193"}],"collection":[{"href":"https:\/\/camisetasebrindesexpress.com.br\/index.php\/wp-json\/wp\/v2\/product"}],"about":[{"href":"https:\/\/camisetasebrindesexpress.com.br\/index.php\/wp-json\/wp\/v2\/types\/product"}],"replies":[{"embeddable":true,"href":"https:\/\/camisetasebrindesexpress.com.br\/index.php\/wp-json\/wp\/v2\/comments?post=3193"}],"wp:featuredmedia":[{"embeddable":true,"href":"https:\/\/camisetasebrindesexpress.com.br\/index.php\/wp-json\/wp\/v2\/media\/3197"}],"wp:attachment":[{"href":"https:\/\/camisetasebrindesexpress.com.br\/index.php\/wp-json\/wp\/v2\/media?parent=3193"}],"wp:term":[{"taxonomy":"product_cat","embeddable":true,"href":"https:\/\/camisetasebrindesexpress.com.br\/index.php\/wp-json\/wp\/v2\/product_cat?post=3193"},{"taxonomy":"product_tag","embeddable":true,"href":"https:\/\/camisetasebrindesexpress.com.br\/index.php\/wp-json\/wp\/v2\/product_tag?post=3193"}],"curies":[{"name":"wp","href":"https:\/\/api.w.org\/{rel}","templated":true}]}}