{"id":3146,"date":"2024-05-22T09:49:07","date_gmt":"2024-05-22T12:49:07","guid":{"rendered":"https:\/\/camisetasebrindesexpress.com.br\/?post_type=product&#038;p=3146"},"modified":"2024-05-22T09:49:07","modified_gmt":"2024-05-22T12:49:07","slug":"93620-yglo-apontador-em-ps-com-deposito","status":"publish","type":"product","link":"https:\/\/camisetasebrindesexpress.com.br\/index.php\/produto\/93620-yglo-apontador-em-ps-com-deposito\/","title":{"rendered":"93620 YGLO. Apontador em PS com dep\u00f3sito"},"content":{"rendered":"<p>Apontador em PS com dep\u00f3sito. Dispon\u00edvel em v\u00e1rias cores. Produto certificado de acordo com a portaria Inmetro n\u00ba423 de 8\/out\/2021. 41 x 40 x 30 mm<\/p>\n","protected":false},"excerpt":{"rendered":"<p>Apontador em PS com dep\u00f3sito. Dispon\u00edvel em v\u00e1rias cores. Produto certificado de acordo com a portaria Inmetro n\u00ba423 de 8\/out\/2021. 41 x 40 x 30 mm<\/p>\n","protected":false},"featured_media":3150,"comment_status":"open","ping_status":"closed","template":"","meta":{"_joinchat":[]},"product_cat":[30],"product_tag":[],"_links":{"self":[{"href":"https:\/\/camisetasebrindesexpress.com.br\/index.php\/wp-json\/wp\/v2\/product\/3146"}],"collection":[{"href":"https:\/\/camisetasebrindesexpress.com.br\/index.php\/wp-json\/wp\/v2\/product"}],"about":[{"href":"https:\/\/camisetasebrindesexpress.com.br\/index.php\/wp-json\/wp\/v2\/types\/product"}],"replies":[{"embeddable":true,"href":"https:\/\/camisetasebrindesexpress.com.br\/index.php\/wp-json\/wp\/v2\/comments?post=3146"}],"wp:featuredmedia":[{"embeddable":true,"href":"https:\/\/camisetasebrindesexpress.com.br\/index.php\/wp-json\/wp\/v2\/media\/3150"}],"wp:attachment":[{"href":"https:\/\/camisetasebrindesexpress.com.br\/index.php\/wp-json\/wp\/v2\/media?parent=3146"}],"wp:term":[{"taxonomy":"product_cat","embeddable":true,"href":"https:\/\/camisetasebrindesexpress.com.br\/index.php\/wp-json\/wp\/v2\/product_cat?post=3146"},{"taxonomy":"product_tag","embeddable":true,"href":"https:\/\/camisetasebrindesexpress.com.br\/index.php\/wp-json\/wp\/v2\/product_tag?post=3146"}],"curies":[{"name":"wp","href":"https:\/\/api.w.org\/{rel}","templated":true}]}}