{"id":3131,"date":"2024-05-22T09:43:30","date_gmt":"2024-05-22T12:43:30","guid":{"rendered":"https:\/\/camisetasebrindesexpress.com.br\/?post_type=product&#038;p=3131"},"modified":"2024-05-22T09:43:30","modified_gmt":"2024-05-22T12:43:30","slug":"51932-rhombus-kit-de-escrita","status":"publish","type":"product","link":"https:\/\/camisetasebrindesexpress.com.br\/index.php\/produto\/51932-rhombus-kit-de-escrita\/","title":{"rendered":"51932 RHOMBUS. Kit de escrita"},"content":{"rendered":"<p>Kit de escrita composto por r\u00e9gua de 16,5 cm, 2 l\u00e1pis de grafite, 1 borracha e 1 apontador. Fornecido com bolsa em cart\u00e3o. Produto certificado de acordo com a portaria Inmetro n\u00ba423 de 8\/out\/2021. Bolsa: 190 x 45 x 20 mm<\/p>\n","protected":false},"excerpt":{"rendered":"<p>Kit de escrita composto por r\u00e9gua de 16,5 cm, 2 l\u00e1pis de grafite, 1 borracha e 1 apontador. Fornecido com bolsa em cart\u00e3o. Produto certificado de acordo com a portaria Inmetro n\u00ba423 de 8\/out\/2021. Bolsa: 190 x 45 x 20 mm<\/p>\n","protected":false},"featured_media":3132,"comment_status":"open","ping_status":"closed","template":"","meta":{"_joinchat":[]},"product_cat":[30],"product_tag":[],"_links":{"self":[{"href":"https:\/\/camisetasebrindesexpress.com.br\/index.php\/wp-json\/wp\/v2\/product\/3131"}],"collection":[{"href":"https:\/\/camisetasebrindesexpress.com.br\/index.php\/wp-json\/wp\/v2\/product"}],"about":[{"href":"https:\/\/camisetasebrindesexpress.com.br\/index.php\/wp-json\/wp\/v2\/types\/product"}],"replies":[{"embeddable":true,"href":"https:\/\/camisetasebrindesexpress.com.br\/index.php\/wp-json\/wp\/v2\/comments?post=3131"}],"wp:featuredmedia":[{"embeddable":true,"href":"https:\/\/camisetasebrindesexpress.com.br\/index.php\/wp-json\/wp\/v2\/media\/3132"}],"wp:attachment":[{"href":"https:\/\/camisetasebrindesexpress.com.br\/index.php\/wp-json\/wp\/v2\/media?parent=3131"}],"wp:term":[{"taxonomy":"product_cat","embeddable":true,"href":"https:\/\/camisetasebrindesexpress.com.br\/index.php\/wp-json\/wp\/v2\/product_cat?post=3131"},{"taxonomy":"product_tag","embeddable":true,"href":"https:\/\/camisetasebrindesexpress.com.br\/index.php\/wp-json\/wp\/v2\/product_tag?post=3131"}],"curies":[{"name":"wp","href":"https:\/\/api.w.org\/{rel}","templated":true}]}}