{"id":3070,"date":"2024-05-22T09:31:42","date_gmt":"2024-05-22T12:31:42","guid":{"rendered":"https:\/\/camisetasebrindesexpress.com.br\/?post_type=product&#038;p=3070"},"modified":"2024-05-22T09:31:42","modified_gmt":"2024-05-22T12:31:42","slug":"54635-giraffe-copo-para-viagem-para-criancas-em-pp-e-ps","status":"publish","type":"product","link":"https:\/\/camisetasebrindesexpress.com.br\/index.php\/produto\/54635-giraffe-copo-para-viagem-para-criancas-em-pp-e-ps\/","title":{"rendered":"54635 GIRAFFE. Copo para viagem para crian\u00e7as em PP e PS"},"content":{"rendered":"<p>Copo para viagem para crian\u00e7as em PP e PS com canudo flex\u00edvel e capacidade at\u00e9 200 mL. Corpo com 3 desenhos diferentes para colorir (6 mini l\u00e1pis em cor inclusos). Certifica\u00e7\u00e3o EU Food Grade. \u00f872 x 98 mm<\/p>\n","protected":false},"excerpt":{"rendered":"<p>Copo para viagem para crian\u00e7as em PP e PS com canudo flex\u00edvel e capacidade at\u00e9 200 mL. Corpo com 3 desenhos diferentes para colorir (6 mini l\u00e1pis em cor inclusos). Certifica\u00e7\u00e3o EU Food Grade. \u00f872 x 98 mm<\/p>\n","protected":false},"featured_media":3077,"comment_status":"open","ping_status":"closed","template":"","meta":{"_joinchat":[]},"product_cat":[30],"product_tag":[],"_links":{"self":[{"href":"https:\/\/camisetasebrindesexpress.com.br\/index.php\/wp-json\/wp\/v2\/product\/3070"}],"collection":[{"href":"https:\/\/camisetasebrindesexpress.com.br\/index.php\/wp-json\/wp\/v2\/product"}],"about":[{"href":"https:\/\/camisetasebrindesexpress.com.br\/index.php\/wp-json\/wp\/v2\/types\/product"}],"replies":[{"embeddable":true,"href":"https:\/\/camisetasebrindesexpress.com.br\/index.php\/wp-json\/wp\/v2\/comments?post=3070"}],"wp:featuredmedia":[{"embeddable":true,"href":"https:\/\/camisetasebrindesexpress.com.br\/index.php\/wp-json\/wp\/v2\/media\/3077"}],"wp:attachment":[{"href":"https:\/\/camisetasebrindesexpress.com.br\/index.php\/wp-json\/wp\/v2\/media?parent=3070"}],"wp:term":[{"taxonomy":"product_cat","embeddable":true,"href":"https:\/\/camisetasebrindesexpress.com.br\/index.php\/wp-json\/wp\/v2\/product_cat?post=3070"},{"taxonomy":"product_tag","embeddable":true,"href":"https:\/\/camisetasebrindesexpress.com.br\/index.php\/wp-json\/wp\/v2\/product_tag?post=3070"}],"curies":[{"name":"wp","href":"https:\/\/api.w.org\/{rel}","templated":true}]}}