{"id":3062,"date":"2024-05-22T09:28:40","date_gmt":"2024-05-22T12:28:40","guid":{"rendered":"https:\/\/camisetasebrindesexpress.com.br\/?post_type=product&#038;p=3062"},"modified":"2024-05-22T09:28:40","modified_gmt":"2024-05-22T12:28:40","slug":"98416-sebastian-bolsa-termica-para-crianca-em-600d","status":"publish","type":"product","link":"https:\/\/camisetasebrindesexpress.com.br\/index.php\/produto\/98416-sebastian-bolsa-termica-para-crianca-em-600d\/","title":{"rendered":"98416 SEBASTIAN. Bolsa t\u00e9rmica para crian\u00e7a em 600D"},"content":{"rendered":"<p>Bolsa t\u00e9rmica para crian\u00e7a em 600D com bolso frontal, fechamento com ziper e bolso lateral em tela mesh. Cont\u00e9m al\u00e7a ajust\u00e1vel em webbing e tem capacidade at\u00e9 3 L. Certifica\u00e7\u00e3o EU Food Grade. 190 x 230 x 80 mm<\/p>\n","protected":false},"excerpt":{"rendered":"<p>Bolsa t\u00e9rmica para crian\u00e7a em 600D com bolso frontal, fechamento com ziper e bolso lateral em tela mesh. Cont\u00e9m al\u00e7a ajust\u00e1vel em webbing e tem capacidade at\u00e9 3 L. Certifica\u00e7\u00e3o EU Food Grade. 190 x 230 x 80 mm<\/p>\n","protected":false},"featured_media":3066,"comment_status":"open","ping_status":"closed","template":"","meta":{"_joinchat":[]},"product_cat":[30],"product_tag":[],"_links":{"self":[{"href":"https:\/\/camisetasebrindesexpress.com.br\/index.php\/wp-json\/wp\/v2\/product\/3062"}],"collection":[{"href":"https:\/\/camisetasebrindesexpress.com.br\/index.php\/wp-json\/wp\/v2\/product"}],"about":[{"href":"https:\/\/camisetasebrindesexpress.com.br\/index.php\/wp-json\/wp\/v2\/types\/product"}],"replies":[{"embeddable":true,"href":"https:\/\/camisetasebrindesexpress.com.br\/index.php\/wp-json\/wp\/v2\/comments?post=3062"}],"wp:featuredmedia":[{"embeddable":true,"href":"https:\/\/camisetasebrindesexpress.com.br\/index.php\/wp-json\/wp\/v2\/media\/3066"}],"wp:attachment":[{"href":"https:\/\/camisetasebrindesexpress.com.br\/index.php\/wp-json\/wp\/v2\/media?parent=3062"}],"wp:term":[{"taxonomy":"product_cat","embeddable":true,"href":"https:\/\/camisetasebrindesexpress.com.br\/index.php\/wp-json\/wp\/v2\/product_cat?post=3062"},{"taxonomy":"product_tag","embeddable":true,"href":"https:\/\/camisetasebrindesexpress.com.br\/index.php\/wp-json\/wp\/v2\/product_tag?post=3062"}],"curies":[{"name":"wp","href":"https:\/\/api.w.org\/{rel}","templated":true}]}}