{"id":3058,"date":"2024-05-22T09:27:42","date_gmt":"2024-05-22T12:27:42","guid":{"rendered":"https:\/\/camisetasebrindesexpress.com.br\/?post_type=product&#038;p=3058"},"modified":"2024-05-22T09:27:42","modified_gmt":"2024-05-22T12:27:42","slug":"58412-turtle-bolsa-termica-em-600d-com-bolso-interior-em-tela-mesh","status":"publish","type":"product","link":"https:\/\/camisetasebrindesexpress.com.br\/index.php\/produto\/58412-turtle-bolsa-termica-em-600d-com-bolso-interior-em-tela-mesh\/","title":{"rendered":"58412 TURTLE. Bolsa t\u00e9rmica em 600D com bolso interior em tela mesh"},"content":{"rendered":"<p>Bolsa t\u00e9rmica em 600D com bolso interior em tela mesh e al\u00e7a ajust\u00e1vel em webbing. Com capacidade at\u00e9 4,5 L, tem o tamanho ideal para levar refei\u00e7\u00f5es para o trabalho ou escola. Certifica\u00e7\u00e3o EU Food Grade. 200 x 200 x 110 mm<\/p>\n","protected":false},"excerpt":{"rendered":"<p>Bolsa t\u00e9rmica em 600D com bolso interior em tela mesh e al\u00e7a ajust\u00e1vel em webbing. Com capacidade at\u00e9 4,5 L, tem o tamanho ideal para levar refei\u00e7\u00f5es para o trabalho ou escola. Certifica\u00e7\u00e3o EU Food Grade. 200 x 200 x 110 mm<\/p>\n","protected":false},"featured_media":3061,"comment_status":"open","ping_status":"closed","template":"","meta":{"_joinchat":[]},"product_cat":[30],"product_tag":[],"_links":{"self":[{"href":"https:\/\/camisetasebrindesexpress.com.br\/index.php\/wp-json\/wp\/v2\/product\/3058"}],"collection":[{"href":"https:\/\/camisetasebrindesexpress.com.br\/index.php\/wp-json\/wp\/v2\/product"}],"about":[{"href":"https:\/\/camisetasebrindesexpress.com.br\/index.php\/wp-json\/wp\/v2\/types\/product"}],"replies":[{"embeddable":true,"href":"https:\/\/camisetasebrindesexpress.com.br\/index.php\/wp-json\/wp\/v2\/comments?post=3058"}],"wp:featuredmedia":[{"embeddable":true,"href":"https:\/\/camisetasebrindesexpress.com.br\/index.php\/wp-json\/wp\/v2\/media\/3061"}],"wp:attachment":[{"href":"https:\/\/camisetasebrindesexpress.com.br\/index.php\/wp-json\/wp\/v2\/media?parent=3058"}],"wp:term":[{"taxonomy":"product_cat","embeddable":true,"href":"https:\/\/camisetasebrindesexpress.com.br\/index.php\/wp-json\/wp\/v2\/product_cat?post=3058"},{"taxonomy":"product_tag","embeddable":true,"href":"https:\/\/camisetasebrindesexpress.com.br\/index.php\/wp-json\/wp\/v2\/product_tag?post=3058"}],"curies":[{"name":"wp","href":"https:\/\/api.w.org\/{rel}","templated":true}]}}