{"id":3046,"date":"2024-05-22T09:26:16","date_gmt":"2024-05-22T12:26:16","guid":{"rendered":"https:\/\/camisetasebrindesexpress.com.br\/?post_type=product&#038;p=3046"},"modified":"2024-05-22T09:26:16","modified_gmt":"2024-05-22T12:26:16","slug":"99123-stork-guarda-chuva-para-crianca-em-poliester-190t","status":"publish","type":"product","link":"https:\/\/camisetasebrindesexpress.com.br\/index.php\/produto\/99123-stork-guarda-chuva-para-crianca-em-poliester-190t\/","title":{"rendered":"99123 STORK. Guarda-chuva para crian\u00e7a em poli\u00e9ster 190T"},"content":{"rendered":"<p>Guarda-chuva para crian\u00e7a em poli\u00e9ster 190T. \u00f8870 x 660 mm<\/p>\n","protected":false},"excerpt":{"rendered":"<p>Guarda-chuva para crian\u00e7a em poli\u00e9ster 190T. \u00f8870 x 660 mm<\/p>\n","protected":false},"featured_media":3053,"comment_status":"open","ping_status":"closed","template":"","meta":{"_joinchat":[]},"product_cat":[30],"product_tag":[],"_links":{"self":[{"href":"https:\/\/camisetasebrindesexpress.com.br\/index.php\/wp-json\/wp\/v2\/product\/3046"}],"collection":[{"href":"https:\/\/camisetasebrindesexpress.com.br\/index.php\/wp-json\/wp\/v2\/product"}],"about":[{"href":"https:\/\/camisetasebrindesexpress.com.br\/index.php\/wp-json\/wp\/v2\/types\/product"}],"replies":[{"embeddable":true,"href":"https:\/\/camisetasebrindesexpress.com.br\/index.php\/wp-json\/wp\/v2\/comments?post=3046"}],"wp:featuredmedia":[{"embeddable":true,"href":"https:\/\/camisetasebrindesexpress.com.br\/index.php\/wp-json\/wp\/v2\/media\/3053"}],"wp:attachment":[{"href":"https:\/\/camisetasebrindesexpress.com.br\/index.php\/wp-json\/wp\/v2\/media?parent=3046"}],"wp:term":[{"taxonomy":"product_cat","embeddable":true,"href":"https:\/\/camisetasebrindesexpress.com.br\/index.php\/wp-json\/wp\/v2\/product_cat?post=3046"},{"taxonomy":"product_tag","embeddable":true,"href":"https:\/\/camisetasebrindesexpress.com.br\/index.php\/wp-json\/wp\/v2\/product_tag?post=3046"}],"curies":[{"name":"wp","href":"https:\/\/api.w.org\/{rel}","templated":true}]}}