{"id":2935,"date":"2024-05-20T12:03:49","date_gmt":"2024-05-20T15:03:49","guid":{"rendered":"https:\/\/camisetasebrindesexpress.com.br\/?post_type=product&#038;p=2935"},"modified":"2024-05-20T12:05:40","modified_gmt":"2024-05-20T15:05:40","slug":"93363-bourchier-chaveiro-em-c-sintetico-e-metal-com-mosquetao","status":"publish","type":"product","link":"https:\/\/camisetasebrindesexpress.com.br\/index.php\/produto\/93363-bourchier-chaveiro-em-c-sintetico-e-metal-com-mosquetao\/","title":{"rendered":"93363 BOURCHIER. Chaveiro em c.sint\u00e9tico e metal com mosquet\u00e3o"},"content":{"rendered":"<p>Chaveiro em c. sint\u00e9tico e metal com mosquet\u00e3o. Fornecido em caixa presente. 21 x 77 x 8 mm<\/p>\n","protected":false},"excerpt":{"rendered":"<p>Chaveiro em c. sint\u00e9tico e metal com mosquet\u00e3o. Fornecido em caixa presente. 21 x 77 x 8 mm<\/p>\n","protected":false},"featured_media":2940,"comment_status":"open","ping_status":"closed","template":"","meta":{"_joinchat":[]},"product_cat":[29],"product_tag":[],"_links":{"self":[{"href":"https:\/\/camisetasebrindesexpress.com.br\/index.php\/wp-json\/wp\/v2\/product\/2935"}],"collection":[{"href":"https:\/\/camisetasebrindesexpress.com.br\/index.php\/wp-json\/wp\/v2\/product"}],"about":[{"href":"https:\/\/camisetasebrindesexpress.com.br\/index.php\/wp-json\/wp\/v2\/types\/product"}],"replies":[{"embeddable":true,"href":"https:\/\/camisetasebrindesexpress.com.br\/index.php\/wp-json\/wp\/v2\/comments?post=2935"}],"wp:featuredmedia":[{"embeddable":true,"href":"https:\/\/camisetasebrindesexpress.com.br\/index.php\/wp-json\/wp\/v2\/media\/2940"}],"wp:attachment":[{"href":"https:\/\/camisetasebrindesexpress.com.br\/index.php\/wp-json\/wp\/v2\/media?parent=2935"}],"wp:term":[{"taxonomy":"product_cat","embeddable":true,"href":"https:\/\/camisetasebrindesexpress.com.br\/index.php\/wp-json\/wp\/v2\/product_cat?post=2935"},{"taxonomy":"product_tag","embeddable":true,"href":"https:\/\/camisetasebrindesexpress.com.br\/index.php\/wp-json\/wp\/v2\/product_tag?post=2935"}],"curies":[{"name":"wp","href":"https:\/\/api.w.org\/{rel}","templated":true}]}}