{"id":2929,"date":"2024-05-20T12:02:50","date_gmt":"2024-05-20T15:02:50","guid":{"rendered":"https:\/\/camisetasebrindesexpress.com.br\/?post_type=product&#038;p=2929"},"modified":"2024-05-20T12:02:50","modified_gmt":"2024-05-20T15:02:50","slug":"93315-brendon-kit-de-porta-cartoes-chaveiro-e-esferografica-em-c-sintetico-metal-e-aluminio","status":"publish","type":"product","link":"https:\/\/camisetasebrindesexpress.com.br\/index.php\/produto\/93315-brendon-kit-de-porta-cartoes-chaveiro-e-esferografica-em-c-sintetico-metal-e-aluminio\/","title":{"rendered":"93315 BRENDON. Kit de porta cart\u00f5es, chaveiro e esferogr\u00e1fica em c.sint\u00e9tico, metal e alum\u00ednio"},"content":{"rendered":"<p>Kit de porta cart\u00f5es, chaveiro e esferogr\u00e1fica em c. sint\u00e9tico, metal e alum\u00ednio. Esferogr\u00e1fica com ponteira touch. Fornecido em caixa almofadada. Porta cart\u00f5es: 97 x 65 x 11 mm | Chaveiro: 15 x 92 x 8 mm | Esferogr\u00e1fica: \u00f811 x 135 mm | Caixa: 174 x 163 x 34 mm<\/p>\n","protected":false},"excerpt":{"rendered":"<p>Kit de porta cart\u00f5es, chaveiro e esferogr\u00e1fica em c. sint\u00e9tico, metal e alum\u00ednio. Esferogr\u00e1fica com ponteira touch. Fornecido em caixa almofadada. Porta cart\u00f5es: 97 x 65 x 11 mm | Chaveiro: 15 x 92 x 8 mm | Esferogr\u00e1fica: \u00f811 x 135 mm | Caixa: 174 x 163 x 34 mm<\/p>\n","protected":false},"featured_media":2934,"comment_status":"open","ping_status":"closed","template":"","meta":{"_joinchat":[]},"product_cat":[29,20],"product_tag":[],"_links":{"self":[{"href":"https:\/\/camisetasebrindesexpress.com.br\/index.php\/wp-json\/wp\/v2\/product\/2929"}],"collection":[{"href":"https:\/\/camisetasebrindesexpress.com.br\/index.php\/wp-json\/wp\/v2\/product"}],"about":[{"href":"https:\/\/camisetasebrindesexpress.com.br\/index.php\/wp-json\/wp\/v2\/types\/product"}],"replies":[{"embeddable":true,"href":"https:\/\/camisetasebrindesexpress.com.br\/index.php\/wp-json\/wp\/v2\/comments?post=2929"}],"wp:featuredmedia":[{"embeddable":true,"href":"https:\/\/camisetasebrindesexpress.com.br\/index.php\/wp-json\/wp\/v2\/media\/2934"}],"wp:attachment":[{"href":"https:\/\/camisetasebrindesexpress.com.br\/index.php\/wp-json\/wp\/v2\/media?parent=2929"}],"wp:term":[{"taxonomy":"product_cat","embeddable":true,"href":"https:\/\/camisetasebrindesexpress.com.br\/index.php\/wp-json\/wp\/v2\/product_cat?post=2929"},{"taxonomy":"product_tag","embeddable":true,"href":"https:\/\/camisetasebrindesexpress.com.br\/index.php\/wp-json\/wp\/v2\/product_tag?post=2929"}],"curies":[{"name":"wp","href":"https:\/\/api.w.org\/{rel}","templated":true}]}}