{"id":292,"date":"2023-11-08T21:51:40","date_gmt":"2023-11-09T00:51:40","guid":{"rendered":"https:\/\/camisetasebrindesexpress.com.br\/?post_type=product&#038;p=292"},"modified":"2023-11-13T21:12:12","modified_gmt":"2023-11-14T00:12:12","slug":"97922-descry-fones-de-ouvido-wireless","status":"publish","type":"product","link":"https:\/\/camisetasebrindesexpress.com.br\/index.php\/produto\/97922-descry-fones-de-ouvido-wireless\/","title":{"rendered":"97922 DESCRY. Fones de ouvido wireless"},"content":{"rendered":"<div class=\"texto\">Os DESCRY s\u00e3o uns elegantes fone de ouvido wireless em metal e ABS. Suas caracter\u00edsticas t\u00e9cnicas oferecem um objeto de elevada funcionalidade. Cont\u00eam uma transmiss\u00e3o sem fios BT v5.0 e t\u00eam um alcance at\u00e9 10 m. Suas funcionalidades incluem: microfone, bot\u00e3o para atender chamadas e conex\u00e3o \u00e0 playlist do dispositivo m\u00f3vel. O estojo de carregamento est\u00e1 incluso, \u00e9 compat\u00edvel com conector micro USB e tem uma capacidade de 500mAh. Os fones t\u00eam uma pot\u00eancia de 20Hz-20kHz e pot\u00eancia de 5mW (32\u03a9). A autonomia aproximada em uso \u00e9 de 3 h e em standby de 300 h. Fornecidos em caixa presente. 31 x 78 x 38 mm | Caixa de carregamento: 79 x 40 x 32 mm | Caixa: 128 x 110 x 58 mm<\/div>\n<div class=\"extra\">\n<div class=\"info\"><\/div>\n<\/div>\n<div class=\"tag catalogo\"><\/div>\n","protected":false},"excerpt":{"rendered":"<div class=\"texto\">Os DESCRY s\u00e3o uns elegantes fone de ouvido wireless em metal e ABS. Suas caracter\u00edsticas t\u00e9cnicas oferecem um objeto de elevada funcionalidade. Cont\u00eam uma transmiss\u00e3o sem fios BT v5.0 e t\u00eam um alcance at\u00e9 10 m. Suas funcionalidades incluem: microfone, bot\u00e3o para atender chamadas e conex\u00e3o \u00e0 playlist do dispositivo m\u00f3vel. O estojo de carregamento est\u00e1 incluso, \u00e9 compat\u00edvel com conector micro USB e tem uma capacidade de 500mAh. Os fones t\u00eam uma pot\u00eancia de 20Hz-20kHz e pot\u00eancia de 5mW (32\u03a9). A autonomia aproximada em uso \u00e9 de 3 h e em standby de 300 h. Fornecidos em caixa presente. 31 x 78 x 38 mm | Caixa de carregamento: 79 x 40 x 32 mm | Caixa: 128 x 110 x 58 mm<\/div>\n<div class=\"extra\">\n<div class=\"info\"><\/div>\n<\/div>\n","protected":false},"featured_media":295,"comment_status":"open","ping_status":"closed","template":"","meta":{"_joinchat":[]},"product_cat":[17],"product_tag":[],"_links":{"self":[{"href":"https:\/\/camisetasebrindesexpress.com.br\/index.php\/wp-json\/wp\/v2\/product\/292"}],"collection":[{"href":"https:\/\/camisetasebrindesexpress.com.br\/index.php\/wp-json\/wp\/v2\/product"}],"about":[{"href":"https:\/\/camisetasebrindesexpress.com.br\/index.php\/wp-json\/wp\/v2\/types\/product"}],"replies":[{"embeddable":true,"href":"https:\/\/camisetasebrindesexpress.com.br\/index.php\/wp-json\/wp\/v2\/comments?post=292"}],"wp:featuredmedia":[{"embeddable":true,"href":"https:\/\/camisetasebrindesexpress.com.br\/index.php\/wp-json\/wp\/v2\/media\/295"}],"wp:attachment":[{"href":"https:\/\/camisetasebrindesexpress.com.br\/index.php\/wp-json\/wp\/v2\/media?parent=292"}],"wp:term":[{"taxonomy":"product_cat","embeddable":true,"href":"https:\/\/camisetasebrindesexpress.com.br\/index.php\/wp-json\/wp\/v2\/product_cat?post=292"},{"taxonomy":"product_tag","embeddable":true,"href":"https:\/\/camisetasebrindesexpress.com.br\/index.php\/wp-json\/wp\/v2\/product_tag?post=292"}],"curies":[{"name":"wp","href":"https:\/\/api.w.org\/{rel}","templated":true}]}}