{"id":2919,"date":"2024-05-20T12:01:45","date_gmt":"2024-05-20T15:01:45","guid":{"rendered":"https:\/\/camisetasebrindesexpress.com.br\/?post_type=product&#038;p=2919"},"modified":"2024-05-20T12:01:45","modified_gmt":"2024-05-20T15:01:45","slug":"93314-travolta-kit-de-porta-cartoes-e-chaveiro-em-c-sintetico-e-metal","status":"publish","type":"product","link":"https:\/\/camisetasebrindesexpress.com.br\/index.php\/produto\/93314-travolta-kit-de-porta-cartoes-e-chaveiro-em-c-sintetico-e-metal\/","title":{"rendered":"93314 TRAVOLTA. Kit de porta cart\u00f5es e chaveiro em c.sint\u00e9tico e metal"},"content":{"rendered":"<p>Kit de porta cart\u00f5es e chaveiro em c. sint\u00e9tico e metal. Fornecido em caixa almofadada. Chaveiro: 15 x 92 x 8 mm | Porta cart\u00f5es: 97 x 65 x 11 mm | Caixa: 154 x 143 x 34 mm<\/p>\n","protected":false},"excerpt":{"rendered":"<p>Kit de porta cart\u00f5es e chaveiro em c. sint\u00e9tico e metal. Fornecido em caixa almofadada. Chaveiro: 15 x 92 x 8 mm | Porta cart\u00f5es: 97 x 65 x 11 mm | Caixa: 154 x 143 x 34 mm<\/p>\n","protected":false},"featured_media":2928,"comment_status":"open","ping_status":"closed","template":"","meta":{"_joinchat":[]},"product_cat":[29],"product_tag":[],"_links":{"self":[{"href":"https:\/\/camisetasebrindesexpress.com.br\/index.php\/wp-json\/wp\/v2\/product\/2919"}],"collection":[{"href":"https:\/\/camisetasebrindesexpress.com.br\/index.php\/wp-json\/wp\/v2\/product"}],"about":[{"href":"https:\/\/camisetasebrindesexpress.com.br\/index.php\/wp-json\/wp\/v2\/types\/product"}],"replies":[{"embeddable":true,"href":"https:\/\/camisetasebrindesexpress.com.br\/index.php\/wp-json\/wp\/v2\/comments?post=2919"}],"wp:featuredmedia":[{"embeddable":true,"href":"https:\/\/camisetasebrindesexpress.com.br\/index.php\/wp-json\/wp\/v2\/media\/2928"}],"wp:attachment":[{"href":"https:\/\/camisetasebrindesexpress.com.br\/index.php\/wp-json\/wp\/v2\/media?parent=2919"}],"wp:term":[{"taxonomy":"product_cat","embeddable":true,"href":"https:\/\/camisetasebrindesexpress.com.br\/index.php\/wp-json\/wp\/v2\/product_cat?post=2919"},{"taxonomy":"product_tag","embeddable":true,"href":"https:\/\/camisetasebrindesexpress.com.br\/index.php\/wp-json\/wp\/v2\/product_tag?post=2919"}],"curies":[{"name":"wp","href":"https:\/\/api.w.org\/{rel}","templated":true}]}}