{"id":2913,"date":"2024-05-20T12:00:34","date_gmt":"2024-05-20T15:00:34","guid":{"rendered":"https:\/\/camisetasebrindesexpress.com.br\/?post_type=product&#038;p=2913"},"modified":"2024-05-20T12:00:34","modified_gmt":"2024-05-20T15:00:34","slug":"93265-poppy-porta-cartoes-com-bloqueio-rfid-e-fita-elastica-em-poliester","status":"publish","type":"product","link":"https:\/\/camisetasebrindesexpress.com.br\/index.php\/produto\/93265-poppy-porta-cartoes-com-bloqueio-rfid-e-fita-elastica-em-poliester\/","title":{"rendered":"93265 POPPY. Porta cart\u00f5es com bloqueio RFID e fita el\u00e1stica em poli\u00e9ster"},"content":{"rendered":"<div class=\"texto\">Porta cart\u00f5es em PU com bloqueio de RFID e fita em poli\u00e9ster para retirar facilmente seus cart\u00f5es. Com capacidade para guardar at\u00e9 2 cart\u00f5es. 92 x 65 mm<\/div>\n<div class=\"icons\">\n<div class=\"icon\"><img decoding=\"async\" src=\"https:\/\/www.spotgifts.com.br\/fotos\/pictogramas\/rfid_block_161106715265047439360c3.png\" alt=\"SPOT\" \/><\/div>\n<\/div>\n","protected":false},"excerpt":{"rendered":"<p>Porta cart\u00f5es em PU com bloqueio de RFID e fita em poli\u00e9ster para retirar facilmente seus cart\u00f5es. Com capacidade para guardar at\u00e9 2 cart\u00f5es. 92 x 65 mm<\/p>\n","protected":false},"featured_media":2918,"comment_status":"open","ping_status":"closed","template":"","meta":{"_joinchat":[]},"product_cat":[29],"product_tag":[],"_links":{"self":[{"href":"https:\/\/camisetasebrindesexpress.com.br\/index.php\/wp-json\/wp\/v2\/product\/2913"}],"collection":[{"href":"https:\/\/camisetasebrindesexpress.com.br\/index.php\/wp-json\/wp\/v2\/product"}],"about":[{"href":"https:\/\/camisetasebrindesexpress.com.br\/index.php\/wp-json\/wp\/v2\/types\/product"}],"replies":[{"embeddable":true,"href":"https:\/\/camisetasebrindesexpress.com.br\/index.php\/wp-json\/wp\/v2\/comments?post=2913"}],"wp:featuredmedia":[{"embeddable":true,"href":"https:\/\/camisetasebrindesexpress.com.br\/index.php\/wp-json\/wp\/v2\/media\/2918"}],"wp:attachment":[{"href":"https:\/\/camisetasebrindesexpress.com.br\/index.php\/wp-json\/wp\/v2\/media?parent=2913"}],"wp:term":[{"taxonomy":"product_cat","embeddable":true,"href":"https:\/\/camisetasebrindesexpress.com.br\/index.php\/wp-json\/wp\/v2\/product_cat?post=2913"},{"taxonomy":"product_tag","embeddable":true,"href":"https:\/\/camisetasebrindesexpress.com.br\/index.php\/wp-json\/wp\/v2\/product_tag?post=2913"}],"curies":[{"name":"wp","href":"https:\/\/api.w.org\/{rel}","templated":true}]}}