{"id":2908,"date":"2024-05-20T11:59:27","date_gmt":"2024-05-20T14:59:27","guid":{"rendered":"https:\/\/camisetasebrindesexpress.com.br\/?post_type=product&#038;p=2908"},"modified":"2024-05-20T11:59:27","modified_gmt":"2024-05-20T14:59:27","slug":"93332-muller-porta-cartoes-com-bloqueio-rfid-e-fita-elastica-em-poliester","status":"publish","type":"product","link":"https:\/\/camisetasebrindesexpress.com.br\/index.php\/produto\/93332-muller-porta-cartoes-com-bloqueio-rfid-e-fita-elastica-em-poliester\/","title":{"rendered":"93332 MULLER. Porta cart\u00f5es com bloqueio RFID e fita el\u00e1stica em poli\u00e9ster"},"content":{"rendered":"<p>Porta cart\u00f5es em alum\u00ednio com bloqueio de RFID e fita el\u00e1stica em poli\u00e9ster. O porta cart\u00f5es tem acabamento mate e capacidade para 12 cart\u00f5es. Seu formato compacto e funcionalidade de bloqueio RFID permitem que seja guardado de forma c\u00f3moda e segura em bolsos. 90 x 58 mm<\/p>\n","protected":false},"excerpt":{"rendered":"<p>Porta cart\u00f5es em alum\u00ednio com bloqueio de RFID e fita el\u00e1stica em poli\u00e9ster. O porta cart\u00f5es tem acabamento mate e capacidade para 12 cart\u00f5es. Seu formato compacto e funcionalidade de bloqueio RFID permitem que seja guardado de forma c\u00f3moda e segura em bolsos. 90 x 58 mm<\/p>\n","protected":false},"featured_media":2912,"comment_status":"open","ping_status":"closed","template":"","meta":{"_joinchat":[]},"product_cat":[29],"product_tag":[],"_links":{"self":[{"href":"https:\/\/camisetasebrindesexpress.com.br\/index.php\/wp-json\/wp\/v2\/product\/2908"}],"collection":[{"href":"https:\/\/camisetasebrindesexpress.com.br\/index.php\/wp-json\/wp\/v2\/product"}],"about":[{"href":"https:\/\/camisetasebrindesexpress.com.br\/index.php\/wp-json\/wp\/v2\/types\/product"}],"replies":[{"embeddable":true,"href":"https:\/\/camisetasebrindesexpress.com.br\/index.php\/wp-json\/wp\/v2\/comments?post=2908"}],"wp:featuredmedia":[{"embeddable":true,"href":"https:\/\/camisetasebrindesexpress.com.br\/index.php\/wp-json\/wp\/v2\/media\/2912"}],"wp:attachment":[{"href":"https:\/\/camisetasebrindesexpress.com.br\/index.php\/wp-json\/wp\/v2\/media?parent=2908"}],"wp:term":[{"taxonomy":"product_cat","embeddable":true,"href":"https:\/\/camisetasebrindesexpress.com.br\/index.php\/wp-json\/wp\/v2\/product_cat?post=2908"},{"taxonomy":"product_tag","embeddable":true,"href":"https:\/\/camisetasebrindesexpress.com.br\/index.php\/wp-json\/wp\/v2\/product_tag?post=2908"}],"curies":[{"name":"wp","href":"https:\/\/api.w.org\/{rel}","templated":true}]}}