{"id":2905,"date":"2024-05-20T11:58:35","date_gmt":"2024-05-20T14:58:35","guid":{"rendered":"https:\/\/camisetasebrindesexpress.com.br\/?post_type=product&#038;p=2905"},"modified":"2024-05-20T11:58:35","modified_gmt":"2024-05-20T14:58:35","slug":"93308-smith-porta-cartoes-em-metal-e-c-sintetic","status":"publish","type":"product","link":"https:\/\/camisetasebrindesexpress.com.br\/index.php\/produto\/93308-smith-porta-cartoes-em-metal-e-c-sintetic\/","title":{"rendered":"93308 SMITH. Porta cart\u00f5es em metal e c.sint\u00e9tic"},"content":{"rendered":"<p>Porta cart\u00f5es em metal e c. sint\u00e9tico. Fornecido em caixa presente. 97 x 63 x 14 mm | Caixa: 105 x 70 x 15 mm<\/p>\n","protected":false},"excerpt":{"rendered":"<p>Porta cart\u00f5es em metal e c. sint\u00e9tico. Fornecido em caixa presente. 97 x 63 x 14 mm | Caixa: 105 x 70 x 15 mm<\/p>\n","protected":false},"featured_media":2907,"comment_status":"open","ping_status":"closed","template":"","meta":{"_joinchat":[]},"product_cat":[29],"product_tag":[],"_links":{"self":[{"href":"https:\/\/camisetasebrindesexpress.com.br\/index.php\/wp-json\/wp\/v2\/product\/2905"}],"collection":[{"href":"https:\/\/camisetasebrindesexpress.com.br\/index.php\/wp-json\/wp\/v2\/product"}],"about":[{"href":"https:\/\/camisetasebrindesexpress.com.br\/index.php\/wp-json\/wp\/v2\/types\/product"}],"replies":[{"embeddable":true,"href":"https:\/\/camisetasebrindesexpress.com.br\/index.php\/wp-json\/wp\/v2\/comments?post=2905"}],"wp:featuredmedia":[{"embeddable":true,"href":"https:\/\/camisetasebrindesexpress.com.br\/index.php\/wp-json\/wp\/v2\/media\/2907"}],"wp:attachment":[{"href":"https:\/\/camisetasebrindesexpress.com.br\/index.php\/wp-json\/wp\/v2\/media?parent=2905"}],"wp:term":[{"taxonomy":"product_cat","embeddable":true,"href":"https:\/\/camisetasebrindesexpress.com.br\/index.php\/wp-json\/wp\/v2\/product_cat?post=2905"},{"taxonomy":"product_tag","embeddable":true,"href":"https:\/\/camisetasebrindesexpress.com.br\/index.php\/wp-json\/wp\/v2\/product_tag?post=2905"}],"curies":[{"name":"wp","href":"https:\/\/api.w.org\/{rel}","templated":true}]}}