{"id":2881,"date":"2024-05-20T11:54:21","date_gmt":"2024-05-20T14:54:21","guid":{"rendered":"https:\/\/camisetasebrindesexpress.com.br\/?post_type=product&#038;p=2881"},"modified":"2024-05-20T11:54:22","modified_gmt":"2024-05-20T14:54:22","slug":"95051-millau-chaveiro-em-cortica","status":"publish","type":"product","link":"https:\/\/camisetasebrindesexpress.com.br\/index.php\/produto\/95051-millau-chaveiro-em-cortica\/","title":{"rendered":"95051 MILLAU. Chaveiro em corti\u00e7a"},"content":{"rendered":"<p>Chaveiro em corti\u00e7a. Fornecido com bolsa presente desmontada em cart\u00e3o kraft. 35 x 55 x 3 mm<\/p>\n","protected":false},"excerpt":{"rendered":"<p>Chaveiro em corti\u00e7a. Fornecido com bolsa presente desmontada em cart\u00e3o kraft. 35 x 55 x 3 mm<\/p>\n","protected":false},"featured_media":2885,"comment_status":"open","ping_status":"closed","template":"","meta":{"_joinchat":[]},"product_cat":[29],"product_tag":[],"_links":{"self":[{"href":"https:\/\/camisetasebrindesexpress.com.br\/index.php\/wp-json\/wp\/v2\/product\/2881"}],"collection":[{"href":"https:\/\/camisetasebrindesexpress.com.br\/index.php\/wp-json\/wp\/v2\/product"}],"about":[{"href":"https:\/\/camisetasebrindesexpress.com.br\/index.php\/wp-json\/wp\/v2\/types\/product"}],"replies":[{"embeddable":true,"href":"https:\/\/camisetasebrindesexpress.com.br\/index.php\/wp-json\/wp\/v2\/comments?post=2881"}],"wp:featuredmedia":[{"embeddable":true,"href":"https:\/\/camisetasebrindesexpress.com.br\/index.php\/wp-json\/wp\/v2\/media\/2885"}],"wp:attachment":[{"href":"https:\/\/camisetasebrindesexpress.com.br\/index.php\/wp-json\/wp\/v2\/media?parent=2881"}],"wp:term":[{"taxonomy":"product_cat","embeddable":true,"href":"https:\/\/camisetasebrindesexpress.com.br\/index.php\/wp-json\/wp\/v2\/product_cat?post=2881"},{"taxonomy":"product_tag","embeddable":true,"href":"https:\/\/camisetasebrindesexpress.com.br\/index.php\/wp-json\/wp\/v2\/product_tag?post=2881"}],"curies":[{"name":"wp","href":"https:\/\/api.w.org\/{rel}","templated":true}]}}