{"id":2864,"date":"2024-05-20T11:51:35","date_gmt":"2024-05-20T14:51:35","guid":{"rendered":"https:\/\/camisetasebrindesexpress.com.br\/?post_type=product&#038;p=2864"},"modified":"2024-05-20T11:51:35","modified_gmt":"2024-05-20T14:51:35","slug":"93324-lavre-kit-esferografica-e-chaveiro-em-metal-com-acabamento-em-cortica","status":"publish","type":"product","link":"https:\/\/camisetasebrindesexpress.com.br\/index.php\/produto\/93324-lavre-kit-esferografica-e-chaveiro-em-metal-com-acabamento-em-cortica\/","title":{"rendered":"93324 LAVRE. Kit esferogr\u00e1fica e chaveiro em metal com acabamento em corti\u00e7a"},"content":{"rendered":"<p>Kit esferogr\u00e1fica e chaveiro em metal com acabamento em corti\u00e7a. Esferogr\u00e1fica com 1,5 km de escrita a azul. Fornecido em caixa presente de papel kraft. Esferogr\u00e1fica: \u00f89 x 139 mm | Porta-chaves: 24 x 47 x 3 mm | Caixa: 162 x 83 x 17 mm<\/p>\n","protected":false},"excerpt":{"rendered":"<p>Kit esferogr\u00e1fica e chaveiro em metal com acabamento em corti\u00e7a. Esferogr\u00e1fica com 1,5 km de escrita a azul. Fornecido em caixa presente de papel kraft. Esferogr\u00e1fica: \u00f89 x 139 mm | Porta-chaves: 24 x 47 x 3 mm | Caixa: 162 x 83 x 17 mm<\/p>\n","protected":false},"featured_media":2870,"comment_status":"open","ping_status":"closed","template":"","meta":{"_joinchat":[]},"product_cat":[29,20],"product_tag":[],"_links":{"self":[{"href":"https:\/\/camisetasebrindesexpress.com.br\/index.php\/wp-json\/wp\/v2\/product\/2864"}],"collection":[{"href":"https:\/\/camisetasebrindesexpress.com.br\/index.php\/wp-json\/wp\/v2\/product"}],"about":[{"href":"https:\/\/camisetasebrindesexpress.com.br\/index.php\/wp-json\/wp\/v2\/types\/product"}],"replies":[{"embeddable":true,"href":"https:\/\/camisetasebrindesexpress.com.br\/index.php\/wp-json\/wp\/v2\/comments?post=2864"}],"wp:featuredmedia":[{"embeddable":true,"href":"https:\/\/camisetasebrindesexpress.com.br\/index.php\/wp-json\/wp\/v2\/media\/2870"}],"wp:attachment":[{"href":"https:\/\/camisetasebrindesexpress.com.br\/index.php\/wp-json\/wp\/v2\/media?parent=2864"}],"wp:term":[{"taxonomy":"product_cat","embeddable":true,"href":"https:\/\/camisetasebrindesexpress.com.br\/index.php\/wp-json\/wp\/v2\/product_cat?post=2864"},{"taxonomy":"product_tag","embeddable":true,"href":"https:\/\/camisetasebrindesexpress.com.br\/index.php\/wp-json\/wp\/v2\/product_tag?post=2864"}],"curies":[{"name":"wp","href":"https:\/\/api.w.org\/{rel}","templated":true}]}}