{"id":2824,"date":"2024-05-20T09:55:26","date_gmt":"2024-05-20T12:55:26","guid":{"rendered":"https:\/\/camisetasebrindesexpress.com.br\/?post_type=product&#038;p=2824"},"modified":"2024-05-20T09:55:26","modified_gmt":"2024-05-20T12:55:26","slug":"94307-nero-porta-comprimidos-com-tampa","status":"publish","type":"product","link":"https:\/\/camisetasebrindesexpress.com.br\/index.php\/produto\/94307-nero-porta-comprimidos-com-tampa\/","title":{"rendered":"94307 NERO. Porta comprimidos com tampa"},"content":{"rendered":"<p>Porta comprimidos com tampa, 2 divis\u00f3rias e cortante. As divis\u00f3rias s\u00e3o extra\u00edveis e coloridas, facilitando a sua distin\u00e7\u00e3o. Certifica\u00e7\u00e3o EU Food Grade. 94 x 48 x 16 mm<\/p>\n","protected":false},"excerpt":{"rendered":"<p>Porta comprimidos com tampa, 2 divis\u00f3rias e cortante. As divis\u00f3rias s\u00e3o extra\u00edveis e coloridas, facilitando a sua distin\u00e7\u00e3o. Certifica\u00e7\u00e3o EU Food Grade. 94 x 48 x 16 mm<\/p>\n","protected":false},"featured_media":2829,"comment_status":"open","ping_status":"closed","template":"","meta":{"_joinchat":[]},"product_cat":[28],"product_tag":[],"_links":{"self":[{"href":"https:\/\/camisetasebrindesexpress.com.br\/index.php\/wp-json\/wp\/v2\/product\/2824"}],"collection":[{"href":"https:\/\/camisetasebrindesexpress.com.br\/index.php\/wp-json\/wp\/v2\/product"}],"about":[{"href":"https:\/\/camisetasebrindesexpress.com.br\/index.php\/wp-json\/wp\/v2\/types\/product"}],"replies":[{"embeddable":true,"href":"https:\/\/camisetasebrindesexpress.com.br\/index.php\/wp-json\/wp\/v2\/comments?post=2824"}],"wp:featuredmedia":[{"embeddable":true,"href":"https:\/\/camisetasebrindesexpress.com.br\/index.php\/wp-json\/wp\/v2\/media\/2829"}],"wp:attachment":[{"href":"https:\/\/camisetasebrindesexpress.com.br\/index.php\/wp-json\/wp\/v2\/media?parent=2824"}],"wp:term":[{"taxonomy":"product_cat","embeddable":true,"href":"https:\/\/camisetasebrindesexpress.com.br\/index.php\/wp-json\/wp\/v2\/product_cat?post=2824"},{"taxonomy":"product_tag","embeddable":true,"href":"https:\/\/camisetasebrindesexpress.com.br\/index.php\/wp-json\/wp\/v2\/product_tag?post=2824"}],"curies":[{"name":"wp","href":"https:\/\/api.w.org\/{rel}","templated":true}]}}