{"id":2765,"date":"2024-05-20T09:20:30","date_gmt":"2024-05-20T12:20:30","guid":{"rendered":"https:\/\/camisetasebrindesexpress.com.br\/?post_type=product&#038;p=2765"},"modified":"2024-05-20T09:20:30","modified_gmt":"2024-05-20T12:20:30","slug":"94857-lopez-kit-de-manicure-de-4-pecas-para-manicure-em-bolsa-de-pvc","status":"publish","type":"product","link":"https:\/\/camisetasebrindesexpress.com.br\/index.php\/produto\/94857-lopez-kit-de-manicure-de-4-pecas-para-manicure-em-bolsa-de-pvc\/","title":{"rendered":"94857 LOPEZ. Kit de manicure de 4 pe\u00e7as para manicure em bolsa de PVC"},"content":{"rendered":"<p>Conjunto de 4 pe\u00e7as para manicure em bolsa de PVC. Composto por lixa, pin\u00e7a, corta unhas e empurra cut\u00edculas. 66 x 105 mm<\/p>\n","protected":false},"excerpt":{"rendered":"<p>Conjunto de 4 pe\u00e7as para manicure em bolsa de PVC. Composto por lixa, pin\u00e7a, corta unhas e empurra cut\u00edculas. 66 x 105 mm<\/p>\n","protected":false},"featured_media":2771,"comment_status":"open","ping_status":"closed","template":"","meta":{"_joinchat":[]},"product_cat":[28],"product_tag":[],"_links":{"self":[{"href":"https:\/\/camisetasebrindesexpress.com.br\/index.php\/wp-json\/wp\/v2\/product\/2765"}],"collection":[{"href":"https:\/\/camisetasebrindesexpress.com.br\/index.php\/wp-json\/wp\/v2\/product"}],"about":[{"href":"https:\/\/camisetasebrindesexpress.com.br\/index.php\/wp-json\/wp\/v2\/types\/product"}],"replies":[{"embeddable":true,"href":"https:\/\/camisetasebrindesexpress.com.br\/index.php\/wp-json\/wp\/v2\/comments?post=2765"}],"wp:featuredmedia":[{"embeddable":true,"href":"https:\/\/camisetasebrindesexpress.com.br\/index.php\/wp-json\/wp\/v2\/media\/2771"}],"wp:attachment":[{"href":"https:\/\/camisetasebrindesexpress.com.br\/index.php\/wp-json\/wp\/v2\/media?parent=2765"}],"wp:term":[{"taxonomy":"product_cat","embeddable":true,"href":"https:\/\/camisetasebrindesexpress.com.br\/index.php\/wp-json\/wp\/v2\/product_cat?post=2765"},{"taxonomy":"product_tag","embeddable":true,"href":"https:\/\/camisetasebrindesexpress.com.br\/index.php\/wp-json\/wp\/v2\/product_tag?post=2765"}],"curies":[{"name":"wp","href":"https:\/\/api.w.org\/{rel}","templated":true}]}}