{"id":2758,"date":"2024-05-20T09:17:51","date_gmt":"2024-05-20T12:17:51","guid":{"rendered":"https:\/\/camisetasebrindesexpress.com.br\/?post_type=product&#038;p=2758"},"modified":"2024-05-20T09:17:51","modified_gmt":"2024-05-20T12:17:51","slug":"94843-nadia-kit-de-manicure-de-4-pecas-para-manicure","status":"publish","type":"product","link":"https:\/\/camisetasebrindesexpress.com.br\/index.php\/produto\/94843-nadia-kit-de-manicure-de-4-pecas-para-manicure\/","title":{"rendered":"94843 NADIA. Kit de manicure de 4 pe\u00e7as para manicure"},"content":{"rendered":"<p>Conjunto de 4 pe\u00e7as para manicure: cortador de unhas, tesoura, pin\u00e7a e empurra cut\u00edculas. Fornecido em estojo. 100 x 53 x 20 mm<\/p>\n","protected":false},"excerpt":{"rendered":"<p>Conjunto de 4 pe\u00e7as para manicure: cortador de unhas, tesoura, pin\u00e7a e empurra cut\u00edculas. Fornecido em estojo. 100 x 53 x 20 mm<\/p>\n","protected":false},"featured_media":2764,"comment_status":"open","ping_status":"closed","template":"","meta":{"_joinchat":[]},"product_cat":[28],"product_tag":[],"_links":{"self":[{"href":"https:\/\/camisetasebrindesexpress.com.br\/index.php\/wp-json\/wp\/v2\/product\/2758"}],"collection":[{"href":"https:\/\/camisetasebrindesexpress.com.br\/index.php\/wp-json\/wp\/v2\/product"}],"about":[{"href":"https:\/\/camisetasebrindesexpress.com.br\/index.php\/wp-json\/wp\/v2\/types\/product"}],"replies":[{"embeddable":true,"href":"https:\/\/camisetasebrindesexpress.com.br\/index.php\/wp-json\/wp\/v2\/comments?post=2758"}],"wp:featuredmedia":[{"embeddable":true,"href":"https:\/\/camisetasebrindesexpress.com.br\/index.php\/wp-json\/wp\/v2\/media\/2764"}],"wp:attachment":[{"href":"https:\/\/camisetasebrindesexpress.com.br\/index.php\/wp-json\/wp\/v2\/media?parent=2758"}],"wp:term":[{"taxonomy":"product_cat","embeddable":true,"href":"https:\/\/camisetasebrindesexpress.com.br\/index.php\/wp-json\/wp\/v2\/product_cat?post=2758"},{"taxonomy":"product_tag","embeddable":true,"href":"https:\/\/camisetasebrindesexpress.com.br\/index.php\/wp-json\/wp\/v2\/product_tag?post=2758"}],"curies":[{"name":"wp","href":"https:\/\/api.w.org\/{rel}","templated":true}]}}