{"id":2732,"date":"2024-05-20T09:09:43","date_gmt":"2024-05-20T12:09:43","guid":{"rendered":"https:\/\/camisetasebrindesexpress.com.br\/?post_type=product&#038;p=2732"},"modified":"2024-05-20T09:09:43","modified_gmt":"2024-05-20T12:09:43","slug":"92713-loren-bolsa-multiusos-em-pvc","status":"publish","type":"product","link":"https:\/\/camisetasebrindesexpress.com.br\/index.php\/produto\/92713-loren-bolsa-multiusos-em-pvc\/","title":{"rendered":"92713 LOREN. Bolsa multiusos em PVC"},"content":{"rendered":"<p>Bolsa multiusos em PVC com z\u00edper, dispon\u00edvel em cores metalizadas. Pr\u00e1tica e compacta ideal para uso di\u00e1rio ou em viagem. 140 x 95 x 70 mm<\/p>\n","protected":false},"excerpt":{"rendered":"<p>Bolsa multiusos em PVC com z\u00edper, dispon\u00edvel em cores metalizadas. Pr\u00e1tica e compacta ideal para uso di\u00e1rio ou em viagem. 140 x 95 x 70 mm<\/p>\n","protected":false},"featured_media":2736,"comment_status":"open","ping_status":"closed","template":"","meta":{"_joinchat":[]},"product_cat":[28],"product_tag":[],"_links":{"self":[{"href":"https:\/\/camisetasebrindesexpress.com.br\/index.php\/wp-json\/wp\/v2\/product\/2732"}],"collection":[{"href":"https:\/\/camisetasebrindesexpress.com.br\/index.php\/wp-json\/wp\/v2\/product"}],"about":[{"href":"https:\/\/camisetasebrindesexpress.com.br\/index.php\/wp-json\/wp\/v2\/types\/product"}],"replies":[{"embeddable":true,"href":"https:\/\/camisetasebrindesexpress.com.br\/index.php\/wp-json\/wp\/v2\/comments?post=2732"}],"wp:featuredmedia":[{"embeddable":true,"href":"https:\/\/camisetasebrindesexpress.com.br\/index.php\/wp-json\/wp\/v2\/media\/2736"}],"wp:attachment":[{"href":"https:\/\/camisetasebrindesexpress.com.br\/index.php\/wp-json\/wp\/v2\/media?parent=2732"}],"wp:term":[{"taxonomy":"product_cat","embeddable":true,"href":"https:\/\/camisetasebrindesexpress.com.br\/index.php\/wp-json\/wp\/v2\/product_cat?post=2732"},{"taxonomy":"product_tag","embeddable":true,"href":"https:\/\/camisetasebrindesexpress.com.br\/index.php\/wp-json\/wp\/v2\/product_tag?post=2732"}],"curies":[{"name":"wp","href":"https:\/\/api.w.org\/{rel}","templated":true}]}}