{"id":2722,"date":"2024-05-20T08:59:55","date_gmt":"2024-05-20T11:59:55","guid":{"rendered":"https:\/\/camisetasebrindesexpress.com.br\/?post_type=product&#038;p=2722"},"modified":"2024-05-20T08:59:55","modified_gmt":"2024-05-20T11:59:55","slug":"92716-anjelica-bolsa-de-cosmeticos-em-microfibra","status":"publish","type":"product","link":"https:\/\/camisetasebrindesexpress.com.br\/index.php\/produto\/92716-anjelica-bolsa-de-cosmeticos-em-microfibra\/","title":{"rendered":"92716 ANJELICA. Bolsa de cosm\u00e9ticos em microfibra"},"content":{"rendered":"<p>Bolsa de cosm\u00e9ticos em microfibra e tela mesh. \u00f8155 x 145 mm<\/p>\n","protected":false},"excerpt":{"rendered":"<p>Bolsa de cosm\u00e9ticos em microfibra e tela mesh. \u00f8155 x 145 mm<\/p>\n","protected":false},"featured_media":2726,"comment_status":"open","ping_status":"closed","template":"","meta":{"_joinchat":[]},"product_cat":[28],"product_tag":[],"_links":{"self":[{"href":"https:\/\/camisetasebrindesexpress.com.br\/index.php\/wp-json\/wp\/v2\/product\/2722"}],"collection":[{"href":"https:\/\/camisetasebrindesexpress.com.br\/index.php\/wp-json\/wp\/v2\/product"}],"about":[{"href":"https:\/\/camisetasebrindesexpress.com.br\/index.php\/wp-json\/wp\/v2\/types\/product"}],"replies":[{"embeddable":true,"href":"https:\/\/camisetasebrindesexpress.com.br\/index.php\/wp-json\/wp\/v2\/comments?post=2722"}],"wp:featuredmedia":[{"embeddable":true,"href":"https:\/\/camisetasebrindesexpress.com.br\/index.php\/wp-json\/wp\/v2\/media\/2726"}],"wp:attachment":[{"href":"https:\/\/camisetasebrindesexpress.com.br\/index.php\/wp-json\/wp\/v2\/media?parent=2722"}],"wp:term":[{"taxonomy":"product_cat","embeddable":true,"href":"https:\/\/camisetasebrindesexpress.com.br\/index.php\/wp-json\/wp\/v2\/product_cat?post=2722"},{"taxonomy":"product_tag","embeddable":true,"href":"https:\/\/camisetasebrindesexpress.com.br\/index.php\/wp-json\/wp\/v2\/product_tag?post=2722"}],"curies":[{"name":"wp","href":"https:\/\/api.w.org\/{rel}","templated":true}]}}