{"id":2713,"date":"2024-05-20T08:58:03","date_gmt":"2024-05-20T11:58:03","guid":{"rendered":"https:\/\/camisetasebrindesexpress.com.br\/?post_type=product&#038;p=2713"},"modified":"2024-05-20T08:58:03","modified_gmt":"2024-05-20T11:58:03","slug":"92717-annie-bolsa-de-cosmeticos-em-microfibra","status":"publish","type":"product","link":"https:\/\/camisetasebrindesexpress.com.br\/index.php\/produto\/92717-annie-bolsa-de-cosmeticos-em-microfibra\/","title":{"rendered":"92717 ANNIE. Bolsa de cosm\u00e9ticos em microfibra"},"content":{"rendered":"<p>Bolsa de cosm\u00e9ticos em microfibra e tela mesh, com z\u00edper. 210 x 130 x 85 mm<\/p>\n","protected":false},"excerpt":{"rendered":"<p>Bolsa de cosm\u00e9ticos em microfibra e tela mesh, com z\u00edper. 210 x 130 x 85 mm<\/p>\n","protected":false},"featured_media":2717,"comment_status":"open","ping_status":"closed","template":"","meta":{"_joinchat":[]},"product_cat":[28],"product_tag":[],"_links":{"self":[{"href":"https:\/\/camisetasebrindesexpress.com.br\/index.php\/wp-json\/wp\/v2\/product\/2713"}],"collection":[{"href":"https:\/\/camisetasebrindesexpress.com.br\/index.php\/wp-json\/wp\/v2\/product"}],"about":[{"href":"https:\/\/camisetasebrindesexpress.com.br\/index.php\/wp-json\/wp\/v2\/types\/product"}],"replies":[{"embeddable":true,"href":"https:\/\/camisetasebrindesexpress.com.br\/index.php\/wp-json\/wp\/v2\/comments?post=2713"}],"wp:featuredmedia":[{"embeddable":true,"href":"https:\/\/camisetasebrindesexpress.com.br\/index.php\/wp-json\/wp\/v2\/media\/2717"}],"wp:attachment":[{"href":"https:\/\/camisetasebrindesexpress.com.br\/index.php\/wp-json\/wp\/v2\/media?parent=2713"}],"wp:term":[{"taxonomy":"product_cat","embeddable":true,"href":"https:\/\/camisetasebrindesexpress.com.br\/index.php\/wp-json\/wp\/v2\/product_cat?post=2713"},{"taxonomy":"product_tag","embeddable":true,"href":"https:\/\/camisetasebrindesexpress.com.br\/index.php\/wp-json\/wp\/v2\/product_tag?post=2713"}],"curies":[{"name":"wp","href":"https:\/\/api.w.org\/{rel}","templated":true}]}}