{"id":2688,"date":"2024-05-20T08:50:03","date_gmt":"2024-05-20T11:50:03","guid":{"rendered":"https:\/\/camisetasebrindesexpress.com.br\/?post_type=product&#038;p=2688"},"modified":"2024-05-20T08:50:04","modified_gmt":"2024-05-20T11:50:04","slug":"92078-repurpose-bag-bolsa-de-cosmeticos-em-rpet-600d-2","status":"publish","type":"product","link":"https:\/\/camisetasebrindesexpress.com.br\/index.php\/produto\/92078-repurpose-bag-bolsa-de-cosmeticos-em-rpet-600d-2\/","title":{"rendered":"92078 REPURPOSE BAG. Bolsa de cosm\u00e9ticos em rPET 600D"},"content":{"rendered":"<p>N\u00e9cessaire em rPET 600D com interior forrado. Bolso frontal com z\u00edper e pega lateral em webbing. 220 x 120 x 110 mm<\/p>\n","protected":false},"excerpt":{"rendered":"<p>N\u00e9cessaire em rPET 600D com interior forrado. Bolso frontal com z\u00edper e pega lateral em webbing. 220 x 120 x 110 mm<\/p>\n","protected":false},"featured_media":2691,"comment_status":"open","ping_status":"closed","template":"","meta":{"_joinchat":[]},"product_cat":[28],"product_tag":[],"_links":{"self":[{"href":"https:\/\/camisetasebrindesexpress.com.br\/index.php\/wp-json\/wp\/v2\/product\/2688"}],"collection":[{"href":"https:\/\/camisetasebrindesexpress.com.br\/index.php\/wp-json\/wp\/v2\/product"}],"about":[{"href":"https:\/\/camisetasebrindesexpress.com.br\/index.php\/wp-json\/wp\/v2\/types\/product"}],"replies":[{"embeddable":true,"href":"https:\/\/camisetasebrindesexpress.com.br\/index.php\/wp-json\/wp\/v2\/comments?post=2688"}],"wp:featuredmedia":[{"embeddable":true,"href":"https:\/\/camisetasebrindesexpress.com.br\/index.php\/wp-json\/wp\/v2\/media\/2691"}],"wp:attachment":[{"href":"https:\/\/camisetasebrindesexpress.com.br\/index.php\/wp-json\/wp\/v2\/media?parent=2688"}],"wp:term":[{"taxonomy":"product_cat","embeddable":true,"href":"https:\/\/camisetasebrindesexpress.com.br\/index.php\/wp-json\/wp\/v2\/product_cat?post=2688"},{"taxonomy":"product_tag","embeddable":true,"href":"https:\/\/camisetasebrindesexpress.com.br\/index.php\/wp-json\/wp\/v2\/product_tag?post=2688"}],"curies":[{"name":"wp","href":"https:\/\/api.w.org\/{rel}","templated":true}]}}