{"id":2666,"date":"2024-05-20T08:44:47","date_gmt":"2024-05-20T11:44:47","guid":{"rendered":"https:\/\/camisetasebrindesexpress.com.br\/?post_type=product&#038;p=2666"},"modified":"2024-05-20T08:44:47","modified_gmt":"2024-05-20T11:44:47","slug":"92148-milli-bolsa-de-cosmeticos-pessoal-em-600d","status":"publish","type":"product","link":"https:\/\/camisetasebrindesexpress.com.br\/index.php\/produto\/92148-milli-bolsa-de-cosmeticos-pessoal-em-600d\/","title":{"rendered":"92148 MILLI. Bolsa de cosm\u00e9ticos pessoal em 600D"},"content":{"rendered":"<p>Bolsa de cosm\u00e9ticos em 600D de alta densidade. O compartimento principal tem z\u00edper duplo e revestimento interior em 210D. Cont\u00e9m v\u00e1rios bolsos interiores e gancho no topo para pendurar. 230 x 180 x 105 mm<\/p>\n","protected":false},"excerpt":{"rendered":"<p>Bolsa de cosm\u00e9ticos em 600D de alta densidade. O compartimento principal tem z\u00edper duplo e revestimento interior em 210D. Cont\u00e9m v\u00e1rios bolsos interiores e gancho no topo para pendurar. 230 x 180 x 105 mm<\/p>\n","protected":false},"featured_media":2671,"comment_status":"open","ping_status":"closed","template":"","meta":{"_joinchat":[]},"product_cat":[28],"product_tag":[],"_links":{"self":[{"href":"https:\/\/camisetasebrindesexpress.com.br\/index.php\/wp-json\/wp\/v2\/product\/2666"}],"collection":[{"href":"https:\/\/camisetasebrindesexpress.com.br\/index.php\/wp-json\/wp\/v2\/product"}],"about":[{"href":"https:\/\/camisetasebrindesexpress.com.br\/index.php\/wp-json\/wp\/v2\/types\/product"}],"replies":[{"embeddable":true,"href":"https:\/\/camisetasebrindesexpress.com.br\/index.php\/wp-json\/wp\/v2\/comments?post=2666"}],"wp:featuredmedia":[{"embeddable":true,"href":"https:\/\/camisetasebrindesexpress.com.br\/index.php\/wp-json\/wp\/v2\/media\/2671"}],"wp:attachment":[{"href":"https:\/\/camisetasebrindesexpress.com.br\/index.php\/wp-json\/wp\/v2\/media?parent=2666"}],"wp:term":[{"taxonomy":"product_cat","embeddable":true,"href":"https:\/\/camisetasebrindesexpress.com.br\/index.php\/wp-json\/wp\/v2\/product_cat?post=2666"},{"taxonomy":"product_tag","embeddable":true,"href":"https:\/\/camisetasebrindesexpress.com.br\/index.php\/wp-json\/wp\/v2\/product_tag?post=2666"}],"curies":[{"name":"wp","href":"https:\/\/api.w.org\/{rel}","templated":true}]}}