{"id":2643,"date":"2024-05-16T16:43:32","date_gmt":"2024-05-16T19:43:32","guid":{"rendered":"https:\/\/camisetasebrindesexpress.com.br\/?post_type=product&#038;p=2643"},"modified":"2024-05-16T16:43:32","modified_gmt":"2024-05-16T19:43:32","slug":"94043-bramble-set-de-cocktail","status":"publish","type":"product","link":"https:\/\/camisetasebrindesexpress.com.br\/index.php\/produto\/94043-bramble-set-de-cocktail\/","title":{"rendered":"94043 BRAMBLE. Set de cocktail"},"content":{"rendered":"<p>Set de cocktail com 6 pe\u00e7as em a\u00e7o inox: um shaker (600 + 450 mL), um copo dosador (30 mL), uma colher, um pil\u00e3o e um coador. Inclui uma bolsa em non-woven. Fornecido em caixa presente. Caixa: 98 x 98 x 290 mm<\/p>\n","protected":false},"excerpt":{"rendered":"<p>Set de cocktail com 6 pe\u00e7as em a\u00e7o inox: um shaker (600 + 450 mL), um copo dosador (30 mL), uma colher, um pil\u00e3o e um coador. Inclui uma bolsa em non-woven. Fornecido em caixa presente. Caixa: 98 x 98 x 290 mm<\/p>\n","protected":false},"featured_media":2650,"comment_status":"open","ping_status":"closed","template":"","meta":{"_joinchat":[]},"product_cat":[27],"product_tag":[],"_links":{"self":[{"href":"https:\/\/camisetasebrindesexpress.com.br\/index.php\/wp-json\/wp\/v2\/product\/2643"}],"collection":[{"href":"https:\/\/camisetasebrindesexpress.com.br\/index.php\/wp-json\/wp\/v2\/product"}],"about":[{"href":"https:\/\/camisetasebrindesexpress.com.br\/index.php\/wp-json\/wp\/v2\/types\/product"}],"replies":[{"embeddable":true,"href":"https:\/\/camisetasebrindesexpress.com.br\/index.php\/wp-json\/wp\/v2\/comments?post=2643"}],"wp:featuredmedia":[{"embeddable":true,"href":"https:\/\/camisetasebrindesexpress.com.br\/index.php\/wp-json\/wp\/v2\/media\/2650"}],"wp:attachment":[{"href":"https:\/\/camisetasebrindesexpress.com.br\/index.php\/wp-json\/wp\/v2\/media?parent=2643"}],"wp:term":[{"taxonomy":"product_cat","embeddable":true,"href":"https:\/\/camisetasebrindesexpress.com.br\/index.php\/wp-json\/wp\/v2\/product_cat?post=2643"},{"taxonomy":"product_tag","embeddable":true,"href":"https:\/\/camisetasebrindesexpress.com.br\/index.php\/wp-json\/wp\/v2\/product_tag?post=2643"}],"curies":[{"name":"wp","href":"https:\/\/api.w.org\/{rel}","templated":true}]}}