{"id":2627,"date":"2024-05-16T16:37:29","date_gmt":"2024-05-16T19:37:29","guid":{"rendered":"https:\/\/camisetasebrindesexpress.com.br\/?post_type=product&#038;p=2627"},"modified":"2024-05-16T16:37:29","modified_gmt":"2024-05-16T19:37:29","slug":"94243-chaptal-saca-rolhas-em-madeira-e-aco-inox-com-sistema-de-mola","status":"publish","type":"product","link":"https:\/\/camisetasebrindesexpress.com.br\/index.php\/produto\/94243-chaptal-saca-rolhas-em-madeira-e-aco-inox-com-sistema-de-mola\/","title":{"rendered":"94243 CHAPTAL. Saca rolhas em madeira e a\u00e7o inox com sistema de mola"},"content":{"rendered":"<p>Saca rolhas em madeira e a\u00e7o inox. Com sistema de mola para extra\u00e7\u00e3o em duas fases. Com canivete de escan\u00e7\u00e3o. Por ser um produto composto por materiais naturais, a cor e tamanho do produto e o resultado da impress\u00e3o podem variar entre produtos. 120 x 28 x 13 mm<\/p>\n","protected":false},"excerpt":{"rendered":"<p>Saca rolhas em madeira e a\u00e7o inox. Com sistema de mola para extra\u00e7\u00e3o em duas fases. Com canivete de escan\u00e7\u00e3o. Por ser um produto composto por materiais naturais, a cor e tamanho do produto e o resultado da impress\u00e3o podem variar entre produtos. 120 x 28 x 13 mm<\/p>\n","protected":false},"featured_media":2631,"comment_status":"open","ping_status":"closed","template":"","meta":{"_joinchat":[]},"product_cat":[27],"product_tag":[],"_links":{"self":[{"href":"https:\/\/camisetasebrindesexpress.com.br\/index.php\/wp-json\/wp\/v2\/product\/2627"}],"collection":[{"href":"https:\/\/camisetasebrindesexpress.com.br\/index.php\/wp-json\/wp\/v2\/product"}],"about":[{"href":"https:\/\/camisetasebrindesexpress.com.br\/index.php\/wp-json\/wp\/v2\/types\/product"}],"replies":[{"embeddable":true,"href":"https:\/\/camisetasebrindesexpress.com.br\/index.php\/wp-json\/wp\/v2\/comments?post=2627"}],"wp:featuredmedia":[{"embeddable":true,"href":"https:\/\/camisetasebrindesexpress.com.br\/index.php\/wp-json\/wp\/v2\/media\/2631"}],"wp:attachment":[{"href":"https:\/\/camisetasebrindesexpress.com.br\/index.php\/wp-json\/wp\/v2\/media?parent=2627"}],"wp:term":[{"taxonomy":"product_cat","embeddable":true,"href":"https:\/\/camisetasebrindesexpress.com.br\/index.php\/wp-json\/wp\/v2\/product_cat?post=2627"},{"taxonomy":"product_tag","embeddable":true,"href":"https:\/\/camisetasebrindesexpress.com.br\/index.php\/wp-json\/wp\/v2\/product_tag?post=2627"}],"curies":[{"name":"wp","href":"https:\/\/api.w.org\/{rel}","templated":true}]}}