{"id":2615,"date":"2024-05-16T16:26:04","date_gmt":"2024-05-16T19:26:04","guid":{"rendered":"https:\/\/camisetasebrindesexpress.com.br\/?post_type=product&#038;p=2615"},"modified":"2024-05-16T16:26:04","modified_gmt":"2024-05-16T19:26:04","slug":"94119-moreto-conjunto-para-vinho-com-4-pecas-em-madeira-e-metal","status":"publish","type":"product","link":"https:\/\/camisetasebrindesexpress.com.br\/index.php\/produto\/94119-moreto-conjunto-para-vinho-com-4-pecas-em-madeira-e-metal\/","title":{"rendered":"94119 MORETO. Conjunto para vinho com 4 pe\u00e7as em madeira e metal"},"content":{"rendered":"<p>Conjunto para vinho com 4 pe\u00e7as em madeira e metal: saca-rolhas com canivete de sommelier, gargantilha, salva-gotas com tampa e rolha. Fornecido em caixa presente em corti\u00e7a. Por ser um produto composto por materiais naturais, a cor e tamanho do produto e o resultado da impress\u00e3o podem variar entre produtos. \u00f8144 x 42 mm<\/p>\n","protected":false},"excerpt":{"rendered":"<p>Conjunto para vinho com 4 pe\u00e7as em madeira e metal: saca-rolhas com canivete de sommelier, gargantilha, salva-gotas com tampa e rolha. Fornecido em caixa presente em corti\u00e7a. Por ser um produto composto por materiais naturais, a cor e tamanho do produto e o resultado da impress\u00e3o podem variar entre produtos. \u00f8144 x 42 mm<\/p>\n","protected":false},"featured_media":2619,"comment_status":"open","ping_status":"closed","template":"","meta":{"_joinchat":[]},"product_cat":[27],"product_tag":[],"_links":{"self":[{"href":"https:\/\/camisetasebrindesexpress.com.br\/index.php\/wp-json\/wp\/v2\/product\/2615"}],"collection":[{"href":"https:\/\/camisetasebrindesexpress.com.br\/index.php\/wp-json\/wp\/v2\/product"}],"about":[{"href":"https:\/\/camisetasebrindesexpress.com.br\/index.php\/wp-json\/wp\/v2\/types\/product"}],"replies":[{"embeddable":true,"href":"https:\/\/camisetasebrindesexpress.com.br\/index.php\/wp-json\/wp\/v2\/comments?post=2615"}],"wp:featuredmedia":[{"embeddable":true,"href":"https:\/\/camisetasebrindesexpress.com.br\/index.php\/wp-json\/wp\/v2\/media\/2619"}],"wp:attachment":[{"href":"https:\/\/camisetasebrindesexpress.com.br\/index.php\/wp-json\/wp\/v2\/media?parent=2615"}],"wp:term":[{"taxonomy":"product_cat","embeddable":true,"href":"https:\/\/camisetasebrindesexpress.com.br\/index.php\/wp-json\/wp\/v2\/product_cat?post=2615"},{"taxonomy":"product_tag","embeddable":true,"href":"https:\/\/camisetasebrindesexpress.com.br\/index.php\/wp-json\/wp\/v2\/product_tag?post=2615"}],"curies":[{"name":"wp","href":"https:\/\/api.w.org\/{rel}","templated":true}]}}