{"id":2610,"date":"2024-05-16T16:24:57","date_gmt":"2024-05-16T19:24:57","guid":{"rendered":"https:\/\/camisetasebrindesexpress.com.br\/?post_type=product&#038;p=2610"},"modified":"2024-05-16T16:24:57","modified_gmt":"2024-05-16T19:24:57","slug":"94144-botaly-kit-churrasco-em-estojo-de-nylon-210d-com-tabua-em-pp-e-5-utensilios-em-aco-inox-e-pp","status":"publish","type":"product","link":"https:\/\/camisetasebrindesexpress.com.br\/index.php\/produto\/94144-botaly-kit-churrasco-em-estojo-de-nylon-210d-com-tabua-em-pp-e-5-utensilios-em-aco-inox-e-pp\/","title":{"rendered":"94144 BOTALY. Kit churrasco em estojo de nylon 210D com t\u00e1bua em PP e 5 utens\u00edlios em a\u00e7o inox e PP"},"content":{"rendered":"<p>Kit churrasco em estojo de nylon 210D. Composto por t\u00e1bua em PP e 5 utens\u00edlios em a\u00e7o inox e PP: faca chefe, faca boning, faca pequena, garfo e afiador. Pr\u00f3prio para contato com alimento. Estojo: 350 x 230 x 40 mm | T\u00e1bua: 283 x 192 x 5 mm<\/p>\n","protected":false},"excerpt":{"rendered":"<p>Kit churrasco em estojo de nylon 210D. Composto por t\u00e1bua em PP e 5 utens\u00edlios em a\u00e7o inox e PP: faca chefe, faca boning, faca pequena, garfo e afiador. Pr\u00f3prio para contato com alimento. Estojo: 350 x 230 x 40 mm | T\u00e1bua: 283 x 192 x 5 mm<\/p>\n","protected":false},"featured_media":2614,"comment_status":"open","ping_status":"closed","template":"","meta":{"_joinchat":[]},"product_cat":[27],"product_tag":[],"_links":{"self":[{"href":"https:\/\/camisetasebrindesexpress.com.br\/index.php\/wp-json\/wp\/v2\/product\/2610"}],"collection":[{"href":"https:\/\/camisetasebrindesexpress.com.br\/index.php\/wp-json\/wp\/v2\/product"}],"about":[{"href":"https:\/\/camisetasebrindesexpress.com.br\/index.php\/wp-json\/wp\/v2\/types\/product"}],"replies":[{"embeddable":true,"href":"https:\/\/camisetasebrindesexpress.com.br\/index.php\/wp-json\/wp\/v2\/comments?post=2610"}],"wp:featuredmedia":[{"embeddable":true,"href":"https:\/\/camisetasebrindesexpress.com.br\/index.php\/wp-json\/wp\/v2\/media\/2614"}],"wp:attachment":[{"href":"https:\/\/camisetasebrindesexpress.com.br\/index.php\/wp-json\/wp\/v2\/media?parent=2610"}],"wp:term":[{"taxonomy":"product_cat","embeddable":true,"href":"https:\/\/camisetasebrindesexpress.com.br\/index.php\/wp-json\/wp\/v2\/product_cat?post=2610"},{"taxonomy":"product_tag","embeddable":true,"href":"https:\/\/camisetasebrindesexpress.com.br\/index.php\/wp-json\/wp\/v2\/product_tag?post=2610"}],"curies":[{"name":"wp","href":"https:\/\/api.w.org\/{rel}","templated":true}]}}