{"id":2603,"date":"2024-05-16T16:19:14","date_gmt":"2024-05-16T19:19:14","guid":{"rendered":"https:\/\/camisetasebrindesexpress.com.br\/?post_type=product&#038;p=2603"},"modified":"2024-05-16T16:19:14","modified_gmt":"2024-05-16T19:19:14","slug":"94138-cubat-kit-churrasco-em-estojo-em-210d-com-2-utensilios-em-aco-inox-e-madeira-seringueira","status":"publish","type":"product","link":"https:\/\/camisetasebrindesexpress.com.br\/index.php\/produto\/94138-cubat-kit-churrasco-em-estojo-em-210d-com-2-utensilios-em-aco-inox-e-madeira-seringueira\/","title":{"rendered":"94138 CUBAT. Kit churrasco em estojo em 210D com 2 utens\u00edlios em a\u00e7o inox e madeira seringueira"},"content":{"rendered":"<p>Kit churrasco em estojo de 210D. Composto por 2 utens\u00edlios em a\u00e7o inox e madeira Seringueira: faca chefe e garfo. Pr\u00f3prio para contato com alimento. Estojo: 350 x 130 x 20 mm<\/p>\n","protected":false},"excerpt":{"rendered":"<p>Kit churrasco em estojo de 210D. Composto por 2 utens\u00edlios em a\u00e7o inox e madeira Seringueira: faca chefe e garfo. Pr\u00f3prio para contato com alimento. Estojo: 350 x 130 x 20 mm<\/p>\n","protected":false},"featured_media":2602,"comment_status":"open","ping_status":"closed","template":"","meta":{"_joinchat":[]},"product_cat":[27],"product_tag":[],"_links":{"self":[{"href":"https:\/\/camisetasebrindesexpress.com.br\/index.php\/wp-json\/wp\/v2\/product\/2603"}],"collection":[{"href":"https:\/\/camisetasebrindesexpress.com.br\/index.php\/wp-json\/wp\/v2\/product"}],"about":[{"href":"https:\/\/camisetasebrindesexpress.com.br\/index.php\/wp-json\/wp\/v2\/types\/product"}],"replies":[{"embeddable":true,"href":"https:\/\/camisetasebrindesexpress.com.br\/index.php\/wp-json\/wp\/v2\/comments?post=2603"}],"wp:featuredmedia":[{"embeddable":true,"href":"https:\/\/camisetasebrindesexpress.com.br\/index.php\/wp-json\/wp\/v2\/media\/2602"}],"wp:attachment":[{"href":"https:\/\/camisetasebrindesexpress.com.br\/index.php\/wp-json\/wp\/v2\/media?parent=2603"}],"wp:term":[{"taxonomy":"product_cat","embeddable":true,"href":"https:\/\/camisetasebrindesexpress.com.br\/index.php\/wp-json\/wp\/v2\/product_cat?post=2603"},{"taxonomy":"product_tag","embeddable":true,"href":"https:\/\/camisetasebrindesexpress.com.br\/index.php\/wp-json\/wp\/v2\/product_tag?post=2603"}],"curies":[{"name":"wp","href":"https:\/\/api.w.org\/{rel}","templated":true}]}}