{"id":2595,"date":"2024-05-16T16:18:55","date_gmt":"2024-05-16T19:18:55","guid":{"rendered":"https:\/\/camisetasebrindesexpress.com.br\/?post_type=product&#038;p=2595"},"modified":"2024-05-16T16:18:55","modified_gmt":"2024-05-16T19:18:55","slug":"94109-valastro-kit-churrasco-em-estojo-de-aluminio-com-5-utensilios-em-aco-inox-e-aluminio","status":"publish","type":"product","link":"https:\/\/camisetasebrindesexpress.com.br\/index.php\/produto\/94109-valastro-kit-churrasco-em-estojo-de-aluminio-com-5-utensilios-em-aco-inox-e-aluminio\/","title":{"rendered":"94109 VALASTRO. Kit churrasco em estojo de alum\u00ednio com 5 utens\u00edlios em a\u00e7o inox e alum\u00ednio"},"content":{"rendered":"<p>Kit churrasco em estojo de alum\u00ednio. Composto por 5 utens\u00edlios em a\u00e7o inox e alum\u00ednio: faca chefe, faca japonesa, faca boning, garfo e afiador. Pr\u00f3prio para contato com alimento. Estojo: 385 x 120 x 69 mm | Placa: 75 x 35 mm<\/p>\n","protected":false},"excerpt":{"rendered":"<p>Kit churrasco em estojo de alum\u00ednio. Composto por 5 utens\u00edlios em a\u00e7o inox e alum\u00ednio: faca chefe, faca japonesa, faca boning, garfo e afiador. Pr\u00f3prio para contato com alimento. Estojo: 385 x 120 x 69 mm | Placa: 75 x 35 mm<\/p>\n","protected":false},"featured_media":2599,"comment_status":"open","ping_status":"closed","template":"","meta":{"_joinchat":[]},"product_cat":[27],"product_tag":[],"_links":{"self":[{"href":"https:\/\/camisetasebrindesexpress.com.br\/index.php\/wp-json\/wp\/v2\/product\/2595"}],"collection":[{"href":"https:\/\/camisetasebrindesexpress.com.br\/index.php\/wp-json\/wp\/v2\/product"}],"about":[{"href":"https:\/\/camisetasebrindesexpress.com.br\/index.php\/wp-json\/wp\/v2\/types\/product"}],"replies":[{"embeddable":true,"href":"https:\/\/camisetasebrindesexpress.com.br\/index.php\/wp-json\/wp\/v2\/comments?post=2595"}],"wp:featuredmedia":[{"embeddable":true,"href":"https:\/\/camisetasebrindesexpress.com.br\/index.php\/wp-json\/wp\/v2\/media\/2599"}],"wp:attachment":[{"href":"https:\/\/camisetasebrindesexpress.com.br\/index.php\/wp-json\/wp\/v2\/media?parent=2595"}],"wp:term":[{"taxonomy":"product_cat","embeddable":true,"href":"https:\/\/camisetasebrindesexpress.com.br\/index.php\/wp-json\/wp\/v2\/product_cat?post=2595"},{"taxonomy":"product_tag","embeddable":true,"href":"https:\/\/camisetasebrindesexpress.com.br\/index.php\/wp-json\/wp\/v2\/product_tag?post=2595"}],"curies":[{"name":"wp","href":"https:\/\/api.w.org\/{rel}","templated":true}]}}