{"id":2589,"date":"2024-05-16T16:17:47","date_gmt":"2024-05-16T19:17:47","guid":{"rendered":"https:\/\/camisetasebrindesexpress.com.br\/?post_type=product&#038;p=2589"},"modified":"2024-05-16T16:17:47","modified_gmt":"2024-05-16T19:17:47","slug":"94141-annatto-kit-churrasco","status":"publish","type":"product","link":"https:\/\/camisetasebrindesexpress.com.br\/index.php\/produto\/94141-annatto-kit-churrasco\/","title":{"rendered":"94141 ANNATTO. Kit churrasco"},"content":{"rendered":"<p>Kit churrasco em estojo de alum\u00ednio. Composto por 4 utens\u00edlios em a\u00e7o inox: faca chefe, pin\u00e7a, garfo e esp\u00e1tula. Pr\u00f3prio para contato com alimento. Estojo: 385 x 110 x 80 mm | Placa: 60 x 30 mm<\/p>\n","protected":false},"excerpt":{"rendered":"<p>Kit churrasco em estojo de alum\u00ednio. Composto por 4 utens\u00edlios em a\u00e7o inox: faca chefe, pin\u00e7a, garfo e esp\u00e1tula. Pr\u00f3prio para contato com alimento. Estojo: 385 x 110 x 80 mm | Placa: 60 x 30 mm<\/p>\n","protected":false},"featured_media":2594,"comment_status":"open","ping_status":"closed","template":"","meta":{"_joinchat":[]},"product_cat":[27],"product_tag":[],"_links":{"self":[{"href":"https:\/\/camisetasebrindesexpress.com.br\/index.php\/wp-json\/wp\/v2\/product\/2589"}],"collection":[{"href":"https:\/\/camisetasebrindesexpress.com.br\/index.php\/wp-json\/wp\/v2\/product"}],"about":[{"href":"https:\/\/camisetasebrindesexpress.com.br\/index.php\/wp-json\/wp\/v2\/types\/product"}],"replies":[{"embeddable":true,"href":"https:\/\/camisetasebrindesexpress.com.br\/index.php\/wp-json\/wp\/v2\/comments?post=2589"}],"wp:featuredmedia":[{"embeddable":true,"href":"https:\/\/camisetasebrindesexpress.com.br\/index.php\/wp-json\/wp\/v2\/media\/2594"}],"wp:attachment":[{"href":"https:\/\/camisetasebrindesexpress.com.br\/index.php\/wp-json\/wp\/v2\/media?parent=2589"}],"wp:term":[{"taxonomy":"product_cat","embeddable":true,"href":"https:\/\/camisetasebrindesexpress.com.br\/index.php\/wp-json\/wp\/v2\/product_cat?post=2589"},{"taxonomy":"product_tag","embeddable":true,"href":"https:\/\/camisetasebrindesexpress.com.br\/index.php\/wp-json\/wp\/v2\/product_tag?post=2589"}],"curies":[{"name":"wp","href":"https:\/\/api.w.org\/{rel}","templated":true}]}}