{"id":2585,"date":"2024-05-16T16:16:53","date_gmt":"2024-05-16T19:16:53","guid":{"rendered":"https:\/\/camisetasebrindesexpress.com.br\/?post_type=product&#038;p=2585"},"modified":"2024-05-16T16:16:53","modified_gmt":"2024-05-16T19:16:53","slug":"94139-alioli-kit-churrasco-em-caixa-kraft-com-2-utensilios-3m-aco-inox-e-bambu","status":"publish","type":"product","link":"https:\/\/camisetasebrindesexpress.com.br\/index.php\/produto\/94139-alioli-kit-churrasco-em-caixa-kraft-com-2-utensilios-3m-aco-inox-e-bambu\/","title":{"rendered":"94139 ALIOLI. Kit churrasco em caixa kraft com 2 utens\u00edlios 3m a\u00e7o inox e bambu"},"content":{"rendered":"<p>Kit churrasco em caixa kraft. Composto por 2 utens\u00edlios em a\u00e7o inox e bambu: faca chefe e garfo. Pr\u00f3prio para contato com alimento. Por ser um produto composto por materiais naturais, a cor e tamanho do produto e o resultado da impress\u00e3o podem variar entre produtos. Caixa: 340 x 115 x 25 mm<\/p>\n","protected":false},"excerpt":{"rendered":"<p>Kit churrasco em caixa kraft. Composto por 2 utens\u00edlios em a\u00e7o inox e bambu: faca chefe e garfo. Pr\u00f3prio para contato com alimento. Por ser um produto composto por materiais naturais, a cor e tamanho do produto e o resultado da impress\u00e3o podem variar entre produtos. Caixa: 340 x 115 x 25 mm<\/p>\n","protected":false},"featured_media":2588,"comment_status":"open","ping_status":"closed","template":"","meta":{"_joinchat":[]},"product_cat":[27],"product_tag":[],"_links":{"self":[{"href":"https:\/\/camisetasebrindesexpress.com.br\/index.php\/wp-json\/wp\/v2\/product\/2585"}],"collection":[{"href":"https:\/\/camisetasebrindesexpress.com.br\/index.php\/wp-json\/wp\/v2\/product"}],"about":[{"href":"https:\/\/camisetasebrindesexpress.com.br\/index.php\/wp-json\/wp\/v2\/types\/product"}],"replies":[{"embeddable":true,"href":"https:\/\/camisetasebrindesexpress.com.br\/index.php\/wp-json\/wp\/v2\/comments?post=2585"}],"wp:featuredmedia":[{"embeddable":true,"href":"https:\/\/camisetasebrindesexpress.com.br\/index.php\/wp-json\/wp\/v2\/media\/2588"}],"wp:attachment":[{"href":"https:\/\/camisetasebrindesexpress.com.br\/index.php\/wp-json\/wp\/v2\/media?parent=2585"}],"wp:term":[{"taxonomy":"product_cat","embeddable":true,"href":"https:\/\/camisetasebrindesexpress.com.br\/index.php\/wp-json\/wp\/v2\/product_cat?post=2585"},{"taxonomy":"product_tag","embeddable":true,"href":"https:\/\/camisetasebrindesexpress.com.br\/index.php\/wp-json\/wp\/v2\/product_tag?post=2585"}],"curies":[{"name":"wp","href":"https:\/\/api.w.org\/{rel}","templated":true}]}}