{"id":2583,"date":"2024-05-16T16:15:27","date_gmt":"2024-05-16T19:15:27","guid":{"rendered":"https:\/\/camisetasebrindesexpress.com.br\/?post_type=product&#038;p=2583"},"modified":"2024-05-16T16:15:27","modified_gmt":"2024-05-16T19:15:27","slug":"94140-alioli-king-kit-churrasco-em-caixa-kraft-com-4-pecas-em-aco-inox-e-bambu","status":"publish","type":"product","link":"https:\/\/camisetasebrindesexpress.com.br\/index.php\/produto\/94140-alioli-king-kit-churrasco-em-caixa-kraft-com-4-pecas-em-aco-inox-e-bambu\/","title":{"rendered":"94140 ALIOLI KING. Kit churrasco em caixa kraft com 4 pe\u00e7as em a\u00e7o inox e bambu"},"content":{"rendered":"<p>Kit churrasco em caixa kraft. Composto por 4 pe\u00e7as em a\u00e7o inox e bambu: faca chefe, faca japonesa, garfo e pin\u00e7a. Pr\u00f3prio para contato com alimento. Caixa: 365 x 200 x 55 mm<\/p>\n","protected":false},"excerpt":{"rendered":"<p>Kit churrasco em caixa kraft. Composto por 4 pe\u00e7as em a\u00e7o inox e bambu: faca chefe, faca japonesa, garfo e pin\u00e7a. Pr\u00f3prio para contato com alimento. Caixa: 365 x 200 x 55 mm<\/p>\n","protected":false},"featured_media":2584,"comment_status":"open","ping_status":"closed","template":"","meta":{"_joinchat":[]},"product_cat":[27],"product_tag":[],"_links":{"self":[{"href":"https:\/\/camisetasebrindesexpress.com.br\/index.php\/wp-json\/wp\/v2\/product\/2583"}],"collection":[{"href":"https:\/\/camisetasebrindesexpress.com.br\/index.php\/wp-json\/wp\/v2\/product"}],"about":[{"href":"https:\/\/camisetasebrindesexpress.com.br\/index.php\/wp-json\/wp\/v2\/types\/product"}],"replies":[{"embeddable":true,"href":"https:\/\/camisetasebrindesexpress.com.br\/index.php\/wp-json\/wp\/v2\/comments?post=2583"}],"wp:featuredmedia":[{"embeddable":true,"href":"https:\/\/camisetasebrindesexpress.com.br\/index.php\/wp-json\/wp\/v2\/media\/2584"}],"wp:attachment":[{"href":"https:\/\/camisetasebrindesexpress.com.br\/index.php\/wp-json\/wp\/v2\/media?parent=2583"}],"wp:term":[{"taxonomy":"product_cat","embeddable":true,"href":"https:\/\/camisetasebrindesexpress.com.br\/index.php\/wp-json\/wp\/v2\/product_cat?post=2583"},{"taxonomy":"product_tag","embeddable":true,"href":"https:\/\/camisetasebrindesexpress.com.br\/index.php\/wp-json\/wp\/v2\/product_tag?post=2583"}],"curies":[{"name":"wp","href":"https:\/\/api.w.org\/{rel}","templated":true}]}}