{"id":2555,"date":"2024-05-16T16:11:09","date_gmt":"2024-05-16T19:11:09","guid":{"rendered":"https:\/\/camisetasebrindesexpress.com.br\/?post_type=product&#038;p=2555"},"modified":"2024-05-16T16:11:09","modified_gmt":"2024-05-16T19:11:09","slug":"94145-garlic-kit-churrasco-em-estojo-de-210d-com-3-utensilios-em-aco-inox-e-madeira-de-seringueira","status":"publish","type":"product","link":"https:\/\/camisetasebrindesexpress.com.br\/index.php\/produto\/94145-garlic-kit-churrasco-em-estojo-de-210d-com-3-utensilios-em-aco-inox-e-madeira-de-seringueira\/","title":{"rendered":"94145 GARLIC. Kit churrasco em estojo de 210D com 3 utens\u00edlios em a\u00e7o inox e madeira de seringueira"},"content":{"rendered":"<p>Kit churrasco em estojo de 210D. Composto por 3 utens\u00edlios em a\u00e7o inox e madeira de Seringueira: faca chefe, pin\u00e7a e garfo. Pr\u00f3prio para contato com alimento. Estojo: 350 x 130 x 20 mm<\/p>\n","protected":false},"excerpt":{"rendered":"<p>Kit churrasco em estojo de 210D. Composto por 3 utens\u00edlios em a\u00e7o inox e madeira de Seringueira: faca chefe, pin\u00e7a e garfo. Pr\u00f3prio para contato com alimento. Estojo: 350 x 130 x 20 mm<\/p>\n","protected":false},"featured_media":2561,"comment_status":"open","ping_status":"closed","template":"","meta":{"_joinchat":[]},"product_cat":[27],"product_tag":[],"_links":{"self":[{"href":"https:\/\/camisetasebrindesexpress.com.br\/index.php\/wp-json\/wp\/v2\/product\/2555"}],"collection":[{"href":"https:\/\/camisetasebrindesexpress.com.br\/index.php\/wp-json\/wp\/v2\/product"}],"about":[{"href":"https:\/\/camisetasebrindesexpress.com.br\/index.php\/wp-json\/wp\/v2\/types\/product"}],"replies":[{"embeddable":true,"href":"https:\/\/camisetasebrindesexpress.com.br\/index.php\/wp-json\/wp\/v2\/comments?post=2555"}],"wp:featuredmedia":[{"embeddable":true,"href":"https:\/\/camisetasebrindesexpress.com.br\/index.php\/wp-json\/wp\/v2\/media\/2561"}],"wp:attachment":[{"href":"https:\/\/camisetasebrindesexpress.com.br\/index.php\/wp-json\/wp\/v2\/media?parent=2555"}],"wp:term":[{"taxonomy":"product_cat","embeddable":true,"href":"https:\/\/camisetasebrindesexpress.com.br\/index.php\/wp-json\/wp\/v2\/product_cat?post=2555"},{"taxonomy":"product_tag","embeddable":true,"href":"https:\/\/camisetasebrindesexpress.com.br\/index.php\/wp-json\/wp\/v2\/product_tag?post=2555"}],"curies":[{"name":"wp","href":"https:\/\/api.w.org\/{rel}","templated":true}]}}