{"id":2544,"date":"2024-05-16T16:08:58","date_gmt":"2024-05-16T19:08:58","guid":{"rendered":"https:\/\/camisetasebrindesexpress.com.br\/?post_type=product&#038;p=2544"},"modified":"2024-05-16T16:08:58","modified_gmt":"2024-05-16T19:08:58","slug":"94110-lestini-suporte-para-facas-em-madeira-de-pinho","status":"publish","type":"product","link":"https:\/\/camisetasebrindesexpress.com.br\/index.php\/produto\/94110-lestini-suporte-para-facas-em-madeira-de-pinho\/","title":{"rendered":"94110 LESTINI. Suporte para facas em madeira de pinho"},"content":{"rendered":"<p>Suporte para facas em madeira de pinho. Incluso conjunto de 5 facas de cozinha: faca utilit\u00e1ria m\u00e9dia, faca utilit\u00e1ria pequena, faca para vegetais, faca para p\u00e3o e faca para carne. Pe\u00e7as em a\u00e7o inox e PP, cabo com acabamento emborrachado. Pr\u00f3prio para contato com alimento. Por ser um produto composto por materiais naturais, a cor e tamanho do produto e o resultado da impress\u00e3o podem variar entre produtos. 150 x 310 x 85 mm<\/p>\n","protected":false},"excerpt":{"rendered":"<p>Suporte para facas em madeira de pinho. Incluso conjunto de 5 facas de cozinha: faca utilit\u00e1ria m\u00e9dia, faca utilit\u00e1ria pequena, faca para vegetais, faca para p\u00e3o e faca para carne. Pe\u00e7as em a\u00e7o inox e PP, cabo com acabamento emborrachado. Pr\u00f3prio para contato com alimento. Por ser um produto composto por materiais naturais, a cor [&hellip;]<\/p>\n","protected":false},"featured_media":2549,"comment_status":"open","ping_status":"closed","template":"","meta":{"_joinchat":[]},"product_cat":[27],"product_tag":[],"_links":{"self":[{"href":"https:\/\/camisetasebrindesexpress.com.br\/index.php\/wp-json\/wp\/v2\/product\/2544"}],"collection":[{"href":"https:\/\/camisetasebrindesexpress.com.br\/index.php\/wp-json\/wp\/v2\/product"}],"about":[{"href":"https:\/\/camisetasebrindesexpress.com.br\/index.php\/wp-json\/wp\/v2\/types\/product"}],"replies":[{"embeddable":true,"href":"https:\/\/camisetasebrindesexpress.com.br\/index.php\/wp-json\/wp\/v2\/comments?post=2544"}],"wp:featuredmedia":[{"embeddable":true,"href":"https:\/\/camisetasebrindesexpress.com.br\/index.php\/wp-json\/wp\/v2\/media\/2549"}],"wp:attachment":[{"href":"https:\/\/camisetasebrindesexpress.com.br\/index.php\/wp-json\/wp\/v2\/media?parent=2544"}],"wp:term":[{"taxonomy":"product_cat","embeddable":true,"href":"https:\/\/camisetasebrindesexpress.com.br\/index.php\/wp-json\/wp\/v2\/product_cat?post=2544"},{"taxonomy":"product_tag","embeddable":true,"href":"https:\/\/camisetasebrindesexpress.com.br\/index.php\/wp-json\/wp\/v2\/product_tag?post=2544"}],"curies":[{"name":"wp","href":"https:\/\/api.w.org\/{rel}","templated":true}]}}