{"id":2532,"date":"2024-05-16T16:06:49","date_gmt":"2024-05-16T19:06:49","guid":{"rendered":"https:\/\/camisetasebrindesexpress.com.br\/?post_type=product&#038;p=2532"},"modified":"2024-05-16T16:06:49","modified_gmt":"2024-05-16T19:06:49","slug":"94321-passard-tabua-para-pao-em-bambu-com-faca-em-aco-inox","status":"publish","type":"product","link":"https:\/\/camisetasebrindesexpress.com.br\/index.php\/produto\/94321-passard-tabua-para-pao-em-bambu-com-faca-em-aco-inox\/","title":{"rendered":"94321 PASSARD. T\u00e1bua para p\u00e3o em bambu com faca em a\u00e7o inox"},"content":{"rendered":"<p>T\u00e1bua para p\u00e3o em bambu com faca em a\u00e7o inox. Grelha remov\u00edvel para f\u00e1cil remo\u00e7\u00e3o de migalhas. Fornecido em caixa presente em papel kraft. Por ser um produto composto por materiais naturais, a cor e tamanho do produto e o resultado da impress\u00e3o podem variar entre produtos. 350 x 250 x 40 mm<\/p>\n","protected":false},"excerpt":{"rendered":"<p>T\u00e1bua para p\u00e3o em bambu com faca em a\u00e7o inox. Grelha remov\u00edvel para f\u00e1cil remo\u00e7\u00e3o de migalhas. Fornecido em caixa presente em papel kraft. Por ser um produto composto por materiais naturais, a cor e tamanho do produto e o resultado da impress\u00e3o podem variar entre produtos. 350 x 250 x 40 mm<\/p>\n","protected":false},"featured_media":2537,"comment_status":"open","ping_status":"closed","template":"","meta":{"_joinchat":[]},"product_cat":[27],"product_tag":[],"_links":{"self":[{"href":"https:\/\/camisetasebrindesexpress.com.br\/index.php\/wp-json\/wp\/v2\/product\/2532"}],"collection":[{"href":"https:\/\/camisetasebrindesexpress.com.br\/index.php\/wp-json\/wp\/v2\/product"}],"about":[{"href":"https:\/\/camisetasebrindesexpress.com.br\/index.php\/wp-json\/wp\/v2\/types\/product"}],"replies":[{"embeddable":true,"href":"https:\/\/camisetasebrindesexpress.com.br\/index.php\/wp-json\/wp\/v2\/comments?post=2532"}],"wp:featuredmedia":[{"embeddable":true,"href":"https:\/\/camisetasebrindesexpress.com.br\/index.php\/wp-json\/wp\/v2\/media\/2537"}],"wp:attachment":[{"href":"https:\/\/camisetasebrindesexpress.com.br\/index.php\/wp-json\/wp\/v2\/media?parent=2532"}],"wp:term":[{"taxonomy":"product_cat","embeddable":true,"href":"https:\/\/camisetasebrindesexpress.com.br\/index.php\/wp-json\/wp\/v2\/product_cat?post=2532"},{"taxonomy":"product_tag","embeddable":true,"href":"https:\/\/camisetasebrindesexpress.com.br\/index.php\/wp-json\/wp\/v2\/product_tag?post=2532"}],"curies":[{"name":"wp","href":"https:\/\/api.w.org\/{rel}","templated":true}]}}