{"id":2529,"date":"2024-05-16T16:05:18","date_gmt":"2024-05-16T19:05:18","guid":{"rendered":"https:\/\/camisetasebrindesexpress.com.br\/?post_type=product&#038;p=2529"},"modified":"2024-05-16T16:05:18","modified_gmt":"2024-05-16T19:05:18","slug":"93989-smartpepper-saleiro-ou-pimenteiro-em-aco-inox","status":"publish","type":"product","link":"https:\/\/camisetasebrindesexpress.com.br\/index.php\/produto\/93989-smartpepper-saleiro-ou-pimenteiro-em-aco-inox\/","title":{"rendered":"93989 SMARTPEPPER. Saleiro ou pimenteiro em a\u00e7o inox"},"content":{"rendered":"<p>Moinho para especiarias em a\u00e7o inox. O recipiente em PS, no interior do moinho, permite conservar a especiaria e utilizar conforme necess\u00e1rio. \u00f827 x 153 mm<\/p>\n","protected":false},"excerpt":{"rendered":"<p>Moinho para especiarias em a\u00e7o inox. O recipiente em PS, no interior do moinho, permite conservar a especiaria e utilizar conforme necess\u00e1rio. \u00f827 x 153 mm<\/p>\n","protected":false},"featured_media":2531,"comment_status":"open","ping_status":"closed","template":"","meta":{"_joinchat":[]},"product_cat":[27],"product_tag":[],"_links":{"self":[{"href":"https:\/\/camisetasebrindesexpress.com.br\/index.php\/wp-json\/wp\/v2\/product\/2529"}],"collection":[{"href":"https:\/\/camisetasebrindesexpress.com.br\/index.php\/wp-json\/wp\/v2\/product"}],"about":[{"href":"https:\/\/camisetasebrindesexpress.com.br\/index.php\/wp-json\/wp\/v2\/types\/product"}],"replies":[{"embeddable":true,"href":"https:\/\/camisetasebrindesexpress.com.br\/index.php\/wp-json\/wp\/v2\/comments?post=2529"}],"wp:featuredmedia":[{"embeddable":true,"href":"https:\/\/camisetasebrindesexpress.com.br\/index.php\/wp-json\/wp\/v2\/media\/2531"}],"wp:attachment":[{"href":"https:\/\/camisetasebrindesexpress.com.br\/index.php\/wp-json\/wp\/v2\/media?parent=2529"}],"wp:term":[{"taxonomy":"product_cat","embeddable":true,"href":"https:\/\/camisetasebrindesexpress.com.br\/index.php\/wp-json\/wp\/v2\/product_cat?post=2529"},{"taxonomy":"product_tag","embeddable":true,"href":"https:\/\/camisetasebrindesexpress.com.br\/index.php\/wp-json\/wp\/v2\/product_tag?post=2529"}],"curies":[{"name":"wp","href":"https:\/\/api.w.org\/{rel}","templated":true}]}}