{"id":2525,"date":"2024-05-16T16:02:28","date_gmt":"2024-05-16T19:02:28","guid":{"rendered":"https:\/\/camisetasebrindesexpress.com.br\/?post_type=product&#038;p=2525"},"modified":"2024-05-16T16:02:28","modified_gmt":"2024-05-16T19:02:28","slug":"93875-charles-galheteiro-em-vidro-que-contem-dois-reservatorios-50-ml-e-250-ml","status":"publish","type":"product","link":"https:\/\/camisetasebrindesexpress.com.br\/index.php\/produto\/93875-charles-galheteiro-em-vidro-que-contem-dois-reservatorios-50-ml-e-250-ml\/","title":{"rendered":"93875 CHARLES. Galheteiro em vidro que cont\u00e9m dois reservat\u00f3rios 50 mL e 250 mL"},"content":{"rendered":"<p>Galheteiro em vidro que cont\u00e9m dois reservat\u00f3rios com capacidades de at\u00e9 50 mL e de at\u00e9 250 mL. O galheteiro cont\u00e9m duas rolhas de corti\u00e7a. Certifica\u00e7\u00e3o EU Food Grade. Fornecido em caixa presente. \u00f857 x 155 mm | Caixa: 75 x 175 x 75 mm<\/p>\n","protected":false},"excerpt":{"rendered":"<p>Galheteiro em vidro que cont\u00e9m dois reservat\u00f3rios com capacidades de at\u00e9 50 mL e de at\u00e9 250 mL. O galheteiro cont\u00e9m duas rolhas de corti\u00e7a. Certifica\u00e7\u00e3o EU Food Grade. Fornecido em caixa presente. \u00f857 x 155 mm | Caixa: 75 x 175 x 75 mm<\/p>\n","protected":false},"featured_media":2528,"comment_status":"open","ping_status":"closed","template":"","meta":{"_joinchat":[]},"product_cat":[27],"product_tag":[],"_links":{"self":[{"href":"https:\/\/camisetasebrindesexpress.com.br\/index.php\/wp-json\/wp\/v2\/product\/2525"}],"collection":[{"href":"https:\/\/camisetasebrindesexpress.com.br\/index.php\/wp-json\/wp\/v2\/product"}],"about":[{"href":"https:\/\/camisetasebrindesexpress.com.br\/index.php\/wp-json\/wp\/v2\/types\/product"}],"replies":[{"embeddable":true,"href":"https:\/\/camisetasebrindesexpress.com.br\/index.php\/wp-json\/wp\/v2\/comments?post=2525"}],"wp:featuredmedia":[{"embeddable":true,"href":"https:\/\/camisetasebrindesexpress.com.br\/index.php\/wp-json\/wp\/v2\/media\/2528"}],"wp:attachment":[{"href":"https:\/\/camisetasebrindesexpress.com.br\/index.php\/wp-json\/wp\/v2\/media?parent=2525"}],"wp:term":[{"taxonomy":"product_cat","embeddable":true,"href":"https:\/\/camisetasebrindesexpress.com.br\/index.php\/wp-json\/wp\/v2\/product_cat?post=2525"},{"taxonomy":"product_tag","embeddable":true,"href":"https:\/\/camisetasebrindesexpress.com.br\/index.php\/wp-json\/wp\/v2\/product_tag?post=2525"}],"curies":[{"name":"wp","href":"https:\/\/api.w.org\/{rel}","templated":true}]}}