{"id":2514,"date":"2024-05-16T15:59:49","date_gmt":"2024-05-16T18:59:49","guid":{"rendered":"https:\/\/camisetasebrindesexpress.com.br\/?post_type=product&#038;p=2514"},"modified":"2024-05-16T15:59:49","modified_gmt":"2024-05-16T18:59:49","slug":"94028-cappero-conjunto-de-tabua-de-corte-e-pequena-faca-de-queijo-em-bambu","status":"publish","type":"product","link":"https:\/\/camisetasebrindesexpress.com.br\/index.php\/produto\/94028-cappero-conjunto-de-tabua-de-corte-e-pequena-faca-de-queijo-em-bambu\/","title":{"rendered":"94028 CAPPERO. Conjunto de t\u00e1bua de corte e pequena faca de queijo em bambu"},"content":{"rendered":"<p>Conjunto com t\u00e1bua de corte e pequena faca de queijo em bambu. Certifica\u00e7\u00e3o EU Food Grade. Fornecido em caixa presente de papel kraft. Por ser um produto composto por materiais naturais, a cor e tamanho do produto e o resultado da impress\u00e3o podem variar entre produtos. 200 x 143 x 10 mm | Caixa: 205 x 150 x 32 mm<\/p>\n","protected":false},"excerpt":{"rendered":"<p>Conjunto com t\u00e1bua de corte e pequena faca de queijo em bambu. Certifica\u00e7\u00e3o EU Food Grade. Fornecido em caixa presente de papel kraft. Por ser um produto composto por materiais naturais, a cor e tamanho do produto e o resultado da impress\u00e3o podem variar entre produtos. 200 x 143 x 10 mm | Caixa: 205 [&hellip;]<\/p>\n","protected":false},"featured_media":2520,"comment_status":"open","ping_status":"closed","template":"","meta":{"_joinchat":[]},"product_cat":[27],"product_tag":[],"_links":{"self":[{"href":"https:\/\/camisetasebrindesexpress.com.br\/index.php\/wp-json\/wp\/v2\/product\/2514"}],"collection":[{"href":"https:\/\/camisetasebrindesexpress.com.br\/index.php\/wp-json\/wp\/v2\/product"}],"about":[{"href":"https:\/\/camisetasebrindesexpress.com.br\/index.php\/wp-json\/wp\/v2\/types\/product"}],"replies":[{"embeddable":true,"href":"https:\/\/camisetasebrindesexpress.com.br\/index.php\/wp-json\/wp\/v2\/comments?post=2514"}],"wp:featuredmedia":[{"embeddable":true,"href":"https:\/\/camisetasebrindesexpress.com.br\/index.php\/wp-json\/wp\/v2\/media\/2520"}],"wp:attachment":[{"href":"https:\/\/camisetasebrindesexpress.com.br\/index.php\/wp-json\/wp\/v2\/media?parent=2514"}],"wp:term":[{"taxonomy":"product_cat","embeddable":true,"href":"https:\/\/camisetasebrindesexpress.com.br\/index.php\/wp-json\/wp\/v2\/product_cat?post=2514"},{"taxonomy":"product_tag","embeddable":true,"href":"https:\/\/camisetasebrindesexpress.com.br\/index.php\/wp-json\/wp\/v2\/product_tag?post=2514"}],"curies":[{"name":"wp","href":"https:\/\/api.w.org\/{rel}","templated":true}]}}