{"id":2508,"date":"2024-05-16T15:58:56","date_gmt":"2024-05-16T18:58:56","guid":{"rendered":"https:\/\/camisetasebrindesexpress.com.br\/?post_type=product&#038;p=2508"},"modified":"2024-05-16T15:58:56","modified_gmt":"2024-05-16T18:58:56","slug":"93830-woods-tabua-de-queijos-em-bambu-com-2-utensilios-em-bambu-e-aco-inox","status":"publish","type":"product","link":"https:\/\/camisetasebrindesexpress.com.br\/index.php\/produto\/93830-woods-tabua-de-queijos-em-bambu-com-2-utensilios-em-bambu-e-aco-inox\/","title":{"rendered":"93830 WOODS. T\u00e1bua de queijos em bambu com 2 utens\u00edlios em bambu e a\u00e7o inox"},"content":{"rendered":"<p>T\u00e1bua de queijos em bambu com 2 utens\u00edlios em bambu e a\u00e7o inox. Certifica\u00e7\u00e3o EU Food Grade. Fornecido em caixa presente de papel kraft. Por ser um produto composto por materiais naturais, a cor e tamanho do produto e o resultado da impress\u00e3o podem variar entre produtos. 310 x 180 x 15 mm | Caixa: 316 x 186 x 25 mm<\/p>\n","protected":false},"excerpt":{"rendered":"<p>T\u00e1bua de queijos em bambu com 2 utens\u00edlios em bambu e a\u00e7o inox. Certifica\u00e7\u00e3o EU Food Grade. Fornecido em caixa presente de papel kraft. Por ser um produto composto por materiais naturais, a cor e tamanho do produto e o resultado da impress\u00e3o podem variar entre produtos. 310 x 180 x 15 mm | Caixa: [&hellip;]<\/p>\n","protected":false},"featured_media":2513,"comment_status":"open","ping_status":"closed","template":"","meta":{"_joinchat":[]},"product_cat":[27],"product_tag":[],"_links":{"self":[{"href":"https:\/\/camisetasebrindesexpress.com.br\/index.php\/wp-json\/wp\/v2\/product\/2508"}],"collection":[{"href":"https:\/\/camisetasebrindesexpress.com.br\/index.php\/wp-json\/wp\/v2\/product"}],"about":[{"href":"https:\/\/camisetasebrindesexpress.com.br\/index.php\/wp-json\/wp\/v2\/types\/product"}],"replies":[{"embeddable":true,"href":"https:\/\/camisetasebrindesexpress.com.br\/index.php\/wp-json\/wp\/v2\/comments?post=2508"}],"wp:featuredmedia":[{"embeddable":true,"href":"https:\/\/camisetasebrindesexpress.com.br\/index.php\/wp-json\/wp\/v2\/media\/2513"}],"wp:attachment":[{"href":"https:\/\/camisetasebrindesexpress.com.br\/index.php\/wp-json\/wp\/v2\/media?parent=2508"}],"wp:term":[{"taxonomy":"product_cat","embeddable":true,"href":"https:\/\/camisetasebrindesexpress.com.br\/index.php\/wp-json\/wp\/v2\/product_cat?post=2508"},{"taxonomy":"product_tag","embeddable":true,"href":"https:\/\/camisetasebrindesexpress.com.br\/index.php\/wp-json\/wp\/v2\/product_tag?post=2508"}],"curies":[{"name":"wp","href":"https:\/\/api.w.org\/{rel}","templated":true}]}}