{"id":2506,"date":"2024-05-16T15:57:19","date_gmt":"2024-05-16T18:57:19","guid":{"rendered":"https:\/\/camisetasebrindesexpress.com.br\/?post_type=product&#038;p=2506"},"modified":"2024-05-16T15:57:19","modified_gmt":"2024-05-16T18:57:19","slug":"93976-palermo-tabua-de-queijos-em-bambu-com-3-talheres-em-aco-inox","status":"publish","type":"product","link":"https:\/\/camisetasebrindesexpress.com.br\/index.php\/produto\/93976-palermo-tabua-de-queijos-em-bambu-com-3-talheres-em-aco-inox\/","title":{"rendered":"93976 PALERMO. T\u00e1bua de queijos em bambu com 3 talheres em a\u00e7o inox"},"content":{"rendered":"<p>T\u00e1bua de queijos em bambu e a\u00e7o inox com 3 talheres. Fornecida em caixa presente. Certifica\u00e7\u00e3o EU Food Grade. Por ser um produto composto por materiais naturais, a cor e tamanho do produto e o resultado da impress\u00e3o podem variar entre produtos. 330 x 195 x 16 mm | Caixa: 335 x 205 x 30 mm<\/p>\n","protected":false},"excerpt":{"rendered":"<p>T\u00e1bua de queijos em bambu e a\u00e7o inox com 3 talheres. Fornecida em caixa presente. Certifica\u00e7\u00e3o EU Food Grade. Por ser um produto composto por materiais naturais, a cor e tamanho do produto e o resultado da impress\u00e3o podem variar entre produtos. 330 x 195 x 16 mm | Caixa: 335 x 205 x 30 [&hellip;]<\/p>\n","protected":false},"featured_media":2507,"comment_status":"open","ping_status":"closed","template":"","meta":{"_joinchat":[]},"product_cat":[27],"product_tag":[],"_links":{"self":[{"href":"https:\/\/camisetasebrindesexpress.com.br\/index.php\/wp-json\/wp\/v2\/product\/2506"}],"collection":[{"href":"https:\/\/camisetasebrindesexpress.com.br\/index.php\/wp-json\/wp\/v2\/product"}],"about":[{"href":"https:\/\/camisetasebrindesexpress.com.br\/index.php\/wp-json\/wp\/v2\/types\/product"}],"replies":[{"embeddable":true,"href":"https:\/\/camisetasebrindesexpress.com.br\/index.php\/wp-json\/wp\/v2\/comments?post=2506"}],"wp:featuredmedia":[{"embeddable":true,"href":"https:\/\/camisetasebrindesexpress.com.br\/index.php\/wp-json\/wp\/v2\/media\/2507"}],"wp:attachment":[{"href":"https:\/\/camisetasebrindesexpress.com.br\/index.php\/wp-json\/wp\/v2\/media?parent=2506"}],"wp:term":[{"taxonomy":"product_cat","embeddable":true,"href":"https:\/\/camisetasebrindesexpress.com.br\/index.php\/wp-json\/wp\/v2\/product_cat?post=2506"},{"taxonomy":"product_tag","embeddable":true,"href":"https:\/\/camisetasebrindesexpress.com.br\/index.php\/wp-json\/wp\/v2\/product_tag?post=2506"}],"curies":[{"name":"wp","href":"https:\/\/api.w.org\/{rel}","templated":true}]}}