{"id":2498,"date":"2024-05-16T15:55:35","date_gmt":"2024-05-16T18:55:35","guid":{"rendered":"https:\/\/camisetasebrindesexpress.com.br\/?post_type=product&#038;p=2498"},"modified":"2024-05-16T15:55:35","modified_gmt":"2024-05-16T18:55:35","slug":"93829-fabris-prato-em-bambu-com-suporte-para-copo","status":"publish","type":"product","link":"https:\/\/camisetasebrindesexpress.com.br\/index.php\/produto\/93829-fabris-prato-em-bambu-com-suporte-para-copo\/","title":{"rendered":"93829 FABRIS. Prato em bambu com suporte para copo"},"content":{"rendered":"<p>Prato em bambu com suporte para copo. Ideal para servir aperitivos. Certifica\u00e7\u00e3o EU Food Grade. Fornecido em luva de cart\u00e3o. Por ser um produto composto por materiais naturais, a cor e tamanho do produto e o resultado da impress\u00e3o podem variar entre produtos. 200 x 147 x 13 mm | Manga: 160 x 148 x 14 mm<\/p>\n","protected":false},"excerpt":{"rendered":"<p>Prato em bambu com suporte para copo. Ideal para servir aperitivos. Certifica\u00e7\u00e3o EU Food Grade. Fornecido em luva de cart\u00e3o. Por ser um produto composto por materiais naturais, a cor e tamanho do produto e o resultado da impress\u00e3o podem variar entre produtos. 200 x 147 x 13 mm | Manga: 160 x 148 x [&hellip;]<\/p>\n","protected":false},"featured_media":2500,"comment_status":"open","ping_status":"closed","template":"","meta":{"_joinchat":[]},"product_cat":[27],"product_tag":[],"_links":{"self":[{"href":"https:\/\/camisetasebrindesexpress.com.br\/index.php\/wp-json\/wp\/v2\/product\/2498"}],"collection":[{"href":"https:\/\/camisetasebrindesexpress.com.br\/index.php\/wp-json\/wp\/v2\/product"}],"about":[{"href":"https:\/\/camisetasebrindesexpress.com.br\/index.php\/wp-json\/wp\/v2\/types\/product"}],"replies":[{"embeddable":true,"href":"https:\/\/camisetasebrindesexpress.com.br\/index.php\/wp-json\/wp\/v2\/comments?post=2498"}],"wp:featuredmedia":[{"embeddable":true,"href":"https:\/\/camisetasebrindesexpress.com.br\/index.php\/wp-json\/wp\/v2\/media\/2500"}],"wp:attachment":[{"href":"https:\/\/camisetasebrindesexpress.com.br\/index.php\/wp-json\/wp\/v2\/media?parent=2498"}],"wp:term":[{"taxonomy":"product_cat","embeddable":true,"href":"https:\/\/camisetasebrindesexpress.com.br\/index.php\/wp-json\/wp\/v2\/product_cat?post=2498"},{"taxonomy":"product_tag","embeddable":true,"href":"https:\/\/camisetasebrindesexpress.com.br\/index.php\/wp-json\/wp\/v2\/product_tag?post=2498"}],"curies":[{"name":"wp","href":"https:\/\/api.w.org\/{rel}","templated":true}]}}