{"id":2492,"date":"2024-05-16T15:54:05","date_gmt":"2024-05-16T18:54:05","guid":{"rendered":"https:\/\/camisetasebrindesexpress.com.br\/?post_type=product&#038;p=2492"},"modified":"2024-05-16T15:54:05","modified_gmt":"2024-05-16T18:54:05","slug":"93831-sesame-tabua-em-bambu-ideal-para-servir-aperitivos-com-fitas-para-pedurar","status":"publish","type":"product","link":"https:\/\/camisetasebrindesexpress.com.br\/index.php\/produto\/93831-sesame-tabua-em-bambu-ideal-para-servir-aperitivos-com-fitas-para-pedurar\/","title":{"rendered":"93831 SESAME. T\u00e1bua em bambu ideal para servir aperitivos com fitas para pedurar"},"content":{"rendered":"<p>T\u00e1bua em bambu ideal para servir aperitivos, com fita para pendurar. Fornecida em luva de cart\u00e3o. Certifica\u00e7\u00e3o EU Food Grade. Por ser um produto composto por materiais naturais, a cor e tamanho do produto e o resultado da impress\u00e3o podem variar entre produtos. 420 x 134 x 9,6 mm | Manga: 200 x 135 x 10 mm<\/p>\n","protected":false},"excerpt":{"rendered":"<p>T\u00e1bua em bambu ideal para servir aperitivos, com fita para pendurar. Fornecida em luva de cart\u00e3o. Certifica\u00e7\u00e3o EU Food Grade. Por ser um produto composto por materiais naturais, a cor e tamanho do produto e o resultado da impress\u00e3o podem variar entre produtos. 420 x 134 x 9,6 mm | Manga: 200 x 135 x [&hellip;]<\/p>\n","protected":false},"featured_media":2495,"comment_status":"open","ping_status":"closed","template":"","meta":{"_joinchat":[]},"product_cat":[27],"product_tag":[],"_links":{"self":[{"href":"https:\/\/camisetasebrindesexpress.com.br\/index.php\/wp-json\/wp\/v2\/product\/2492"}],"collection":[{"href":"https:\/\/camisetasebrindesexpress.com.br\/index.php\/wp-json\/wp\/v2\/product"}],"about":[{"href":"https:\/\/camisetasebrindesexpress.com.br\/index.php\/wp-json\/wp\/v2\/types\/product"}],"replies":[{"embeddable":true,"href":"https:\/\/camisetasebrindesexpress.com.br\/index.php\/wp-json\/wp\/v2\/comments?post=2492"}],"wp:featuredmedia":[{"embeddable":true,"href":"https:\/\/camisetasebrindesexpress.com.br\/index.php\/wp-json\/wp\/v2\/media\/2495"}],"wp:attachment":[{"href":"https:\/\/camisetasebrindesexpress.com.br\/index.php\/wp-json\/wp\/v2\/media?parent=2492"}],"wp:term":[{"taxonomy":"product_cat","embeddable":true,"href":"https:\/\/camisetasebrindesexpress.com.br\/index.php\/wp-json\/wp\/v2\/product_cat?post=2492"},{"taxonomy":"product_tag","embeddable":true,"href":"https:\/\/camisetasebrindesexpress.com.br\/index.php\/wp-json\/wp\/v2\/product_tag?post=2492"}],"curies":[{"name":"wp","href":"https:\/\/api.w.org\/{rel}","templated":true}]}}