{"id":2487,"date":"2024-05-16T15:53:21","date_gmt":"2024-05-16T18:53:21","guid":{"rendered":"https:\/\/camisetasebrindesexpress.com.br\/?post_type=product&#038;p=2487"},"modified":"2024-05-16T15:53:21","modified_gmt":"2024-05-16T18:53:21","slug":"93861-mustard-travessa-em-bambu-indicada-para-servir-alimentos","status":"publish","type":"product","link":"https:\/\/camisetasebrindesexpress.com.br\/index.php\/produto\/93861-mustard-travessa-em-bambu-indicada-para-servir-alimentos\/","title":{"rendered":"93861 MUSTARD. Travessa em bambu indicada para servir alimentos"},"content":{"rendered":"<p>Travessa em bambu, indicada para servir alimentos. Fornecida em caixa de cart\u00e3o. Certifica\u00e7\u00e3o EU Food Grade. Por ser um produto composto por materiais naturais, a cor e tamanho do produto e o resultado da impress\u00e3o podem variar entre produtos. 255 x 130 x 18 mm | Caixa: 260 x 134 x 26 mm<\/p>\n","protected":false},"excerpt":{"rendered":"<p>Travessa em bambu, indicada para servir alimentos. Fornecida em caixa de cart\u00e3o. Certifica\u00e7\u00e3o EU Food Grade. Por ser um produto composto por materiais naturais, a cor e tamanho do produto e o resultado da impress\u00e3o podem variar entre produtos. 255 x 130 x 18 mm | Caixa: 260 x 134 x 26 mm<\/p>\n","protected":false},"featured_media":2491,"comment_status":"open","ping_status":"closed","template":"","meta":{"_joinchat":[]},"product_cat":[27],"product_tag":[],"_links":{"self":[{"href":"https:\/\/camisetasebrindesexpress.com.br\/index.php\/wp-json\/wp\/v2\/product\/2487"}],"collection":[{"href":"https:\/\/camisetasebrindesexpress.com.br\/index.php\/wp-json\/wp\/v2\/product"}],"about":[{"href":"https:\/\/camisetasebrindesexpress.com.br\/index.php\/wp-json\/wp\/v2\/types\/product"}],"replies":[{"embeddable":true,"href":"https:\/\/camisetasebrindesexpress.com.br\/index.php\/wp-json\/wp\/v2\/comments?post=2487"}],"wp:featuredmedia":[{"embeddable":true,"href":"https:\/\/camisetasebrindesexpress.com.br\/index.php\/wp-json\/wp\/v2\/media\/2491"}],"wp:attachment":[{"href":"https:\/\/camisetasebrindesexpress.com.br\/index.php\/wp-json\/wp\/v2\/media?parent=2487"}],"wp:term":[{"taxonomy":"product_cat","embeddable":true,"href":"https:\/\/camisetasebrindesexpress.com.br\/index.php\/wp-json\/wp\/v2\/product_cat?post=2487"},{"taxonomy":"product_tag","embeddable":true,"href":"https:\/\/camisetasebrindesexpress.com.br\/index.php\/wp-json\/wp\/v2\/product_tag?post=2487"}],"curies":[{"name":"wp","href":"https:\/\/api.w.org\/{rel}","templated":true}]}}